{"id":479,"date":"2024-08-19T10:46:14","date_gmt":"2024-08-19T10:46:14","guid":{"rendered":"https:\/\/naszaszkola.com.pl\/niepubliczne-przedszkole\/o-szkole\/hymn-szkoly-copy\/"},"modified":"2024-10-07T09:17:11","modified_gmt":"2024-10-07T09:17:11","slug":"patronka","status":"publish","type":"page","link":"https:\/\/naszaszkola.com.pl\/niepubliczne-przedszkole\/o-przedszkolu\/patronka\/","title":{"rendered":"Patronka"},"content":{"rendered":"\t\t<div data-elementor-type=\"wp-page\" data-elementor-id=\"479\" class=\"elementor elementor-479\" data-elementor-post-type=\"page\">\n\t\t\t\t\t\t<section class=\"elementor-section elementor-top-section elementor-element elementor-element-420787f elementor-section-content-middle elementor-section-boxed elementor-section-height-default elementor-section-height-default\" data-id=\"420787f\" data-element_type=\"section\">\n\t\t\t\t\t\t<div class=\"elementor-container elementor-column-gap-default\">\n\t\t\t\t\t<div class=\"elementor-column elementor-col-33 elementor-top-column elementor-element elementor-element-14c2a91\" data-id=\"14c2a91\" data-element_type=\"column\">\n\t\t\t<div class=\"elementor-widget-wrap elementor-element-populated\">\n\t\t\t\t\t\t<section class=\"elementor-section elementor-inner-section elementor-element elementor-element-190cc29 elementor-section-content-middle elementor-section-boxed elementor-section-height-default elementor-section-height-default\" data-id=\"190cc29\" data-element_type=\"section\">\n\t\t\t\t\t\t<div class=\"elementor-container elementor-column-gap-no\">\n\t\t\t\t\t<div class=\"elementor-column elementor-col-100 elementor-inner-column elementor-element elementor-element-175f603\" data-id=\"175f603\" data-element_type=\"column\">\n\t\t\t<div class=\"elementor-widget-wrap elementor-element-populated\">\n\t\t\t\t\t\t<div class=\"elementor-element elementor-element-3e9ee26 elementor-widget__width-auto elementor-invisible elementor-widget elementor-widget-image\" data-id=\"3e9ee26\" data-element_type=\"widget\" data-settings=\"{&quot;_animation&quot;:&quot;fadeInLeft&quot;}\" data-widget_type=\"image.default\">\n\t\t\t\t<div class=\"elementor-widget-container\">\n\t\t\t\t\t\t\t\t\t\t\t\t\t<img decoding=\"async\" width=\"30\" height=\"30\" src=\"https:\/\/naszaszkola.com.pl\/niepubliczne-przedszkole\/wp-content\/uploads\/2024\/08\/Rectangle-5.jpg\" class=\"attachment-large size-large wp-image-25\" alt=\"\" \/>\t\t\t\t\t\t\t\t\t\t\t\t\t<\/div>\n\t\t\t\t<\/div>\n\t\t\t\t<div class=\"elementor-element elementor-element-76452eb elementor-widget__width-auto elementor-widget elementor-widget-heading\" data-id=\"76452eb\" data-element_type=\"widget\" data-widget_type=\"heading.default\">\n\t\t\t\t<div class=\"elementor-widget-container\">\n\t\t\t<h3 class=\"elementor-heading-title elementor-size-default\">O nas<\/h3>\t\t<\/div>\n\t\t\t\t<\/div>\n\t\t\t\t\t<\/div>\n\t\t<\/div>\n\t\t\t\t\t<\/div>\n\t\t<\/section>\n\t\t\t\t<div class=\"elementor-element elementor-element-db75d92 elementor-widget elementor-widget-heading\" data-id=\"db75d92\" data-element_type=\"widget\" data-widget_type=\"heading.default\">\n\t\t\t\t<div class=\"elementor-widget-container\">\n\t\t\t<h2 class=\"elementor-heading-title elementor-size-default\">Maria Konopnicka\n<\/h2>\t\t<\/div>\n\t\t\t\t<\/div>\n\t\t\t\t<div class=\"elementor-element elementor-element-b98d1e2 elementor-widget-divider--separator-type-pattern elementor-widget-divider--view-line elementor-widget elementor-widget-divider\" data-id=\"b98d1e2\" data-element_type=\"widget\" data-widget_type=\"divider.default\">\n\t\t\t\t<div class=\"elementor-widget-container\">\n\t\t\t\t\t<div class=\"elementor-divider\" style=\"--divider-pattern-url: url(&quot;data:image\/svg+xml,%3Csvg xmlns=&#039;http:\/\/www.w3.org\/2000\/svg&#039; preserveAspectRatio=&#039;none&#039; overflow=&#039;visible&#039; height=&#039;100%&#039; viewBox=&#039;0 0 24 24&#039; fill=&#039;none&#039; stroke=&#039;black&#039; stroke-width=&#039;2&#039; stroke-linecap=&#039;square&#039; stroke-miterlimit=&#039;10&#039;%3E%3Cpolyline points=&#039;0,18 12,6 24,18 &#039;\/%3E%3C\/svg%3E&quot;);\">\n\t\t\t<span class=\"elementor-divider-separator\">\n\t\t\t\t\t\t<\/span>\n\t\t<\/div>\n\t\t\t\t<\/div>\n\t\t\t\t<\/div>\n\t\t\t\t<div class=\"elementor-element elementor-element-629acc0 elementor-widget elementor-widget-text-editor\" data-id=\"629acc0\" data-element_type=\"widget\" data-widget_type=\"text-editor.default\">\n\t\t\t\t<div class=\"elementor-widget-container\">\n\t\t\t\t\t\t\t<p><span style=\"font-weight: 400;\">Urodzi\u0142a si\u0119 <\/span><b>23 maja 1842 roku w Suwa\u0142kach<\/b><span style=\"font-weight: 400;\">, w zubo\u017ca\u0142ej rodzinie szlacheckiej jako c\u00f3rka J\u00f3zefa Wasi\u0142owskiego, prawnika, patrona trybuna\u0142u cywilnego i Scholastyki z Turskich. We wrze\u015bniu 1849 roku rodzina sprowadzi\u0142a si\u0119 do Kalisza, gdzie przysz\u0142a poetka sp\u0119dzi\u0142a dzieci\u0144stwo i m\u0142odo\u015b\u0107.<\/span><span style=\"font-weight: 400;\"><br \/><\/span><span style=\"font-weight: 400;\">W latach 1855-1856 uczy\u0142a si\u0119 na pensji sakramentek w Warszawie. Tam pozna\u0142a Eliz\u0119 Paw\u0142owsk\u0105, p\u00f3\u017aniejsz\u0105 Orzeszkow\u0105. We wrze\u015bniu 1862 roku wysz\u0142a za m\u0105\u017c za ziemianina, Jaros\u0142awa Konopnickiego. Zaraz po \u015blubie wyjecha\u0142a z Kalisza, zamieszkuj\u0105c w Bronowie, a potem w Gusinie na terenie \u00f3wczesnej guberni kaliskiej. Wychowa\u0142a sze\u015bcioro dzieci, utrzymuj\u0105c si\u0119 z dochod\u00f3w niewielkiego dzier\u017cawionego folwarku.\u00a0Ambicje intelektualne Konopnickiej nie mog\u0142y znale\u017a\u0107 zaspokojenia w obr\u0119bie sfery poj\u0119\u0107 i obyczaj\u00f3w, kt\u00f3re prezentowa\u0142 jej m\u0105\u017c. Dlatego tez podj\u0119\u0142a decyzj\u0119 rozstania z m\u0119\u017cem i wraz z sze\u015bciorgiem dzieci przenios\u0142a si\u0119 do Warszawy. Zarabia\u0142a na \u017cycie korepetycjami. <\/span><\/p>\t\t\t\t\t\t<\/div>\n\t\t\t\t<\/div>\n\t\t\t\t\t<\/div>\n\t\t<\/div>\n\t\t\t\t<div class=\"elementor-column elementor-col-33 elementor-top-column elementor-element elementor-element-d875670\" data-id=\"d875670\" data-element_type=\"column\">\n\t\t\t<div class=\"elementor-widget-wrap\">\n\t\t\t\t\t\t\t<\/div>\n\t\t<\/div>\n\t\t\t\t<div class=\"elementor-column elementor-col-33 elementor-top-column elementor-element elementor-element-65fcdf0\" data-id=\"65fcdf0\" data-element_type=\"column\">\n\t\t\t<div class=\"elementor-widget-wrap elementor-element-populated\">\n\t\t\t\t\t\t<div class=\"elementor-element elementor-element-698007a elementor-widget__width-auto elementor-absolute elementor-invisible elementor-widget elementor-widget-image\" data-id=\"698007a\" data-element_type=\"widget\" data-settings=\"{&quot;_position&quot;:&quot;absolute&quot;,&quot;_animation&quot;:&quot;fadeInLeft&quot;}\" data-widget_type=\"image.default\">\n\t\t\t\t<div class=\"elementor-widget-container\">\n\t\t\t\t\t\t\t\t\t\t\t\t\t<img decoding=\"async\" width=\"100\" height=\"340\" src=\"https:\/\/naszaszkola.com.pl\/niepubliczne-przedszkole\/wp-content\/uploads\/2024\/08\/Rectangle-4.jpg\" class=\"attachment-large size-large wp-image-32\" alt=\"\" srcset=\"https:\/\/naszaszkola.com.pl\/niepubliczne-przedszkole\/wp-content\/uploads\/2024\/08\/Rectangle-4.jpg 100w, https:\/\/naszaszkola.com.pl\/niepubliczne-przedszkole\/wp-content\/uploads\/2024\/08\/Rectangle-4-88x300.jpg 88w\" sizes=\"(max-width: 100px) 100vw, 100px\" \/>\t\t\t\t\t\t\t\t\t\t\t\t\t<\/div>\n\t\t\t\t<\/div>\n\t\t\t\t<div class=\"elementor-element elementor-element-8b0b9b0 elementor-widget__width-auto elementor-absolute elementor-invisible elementor-widget elementor-widget-image\" data-id=\"8b0b9b0\" data-element_type=\"widget\" data-settings=\"{&quot;_position&quot;:&quot;absolute&quot;,&quot;_animation&quot;:&quot;fadeInRight&quot;}\" data-widget_type=\"image.default\">\n\t\t\t\t<div class=\"elementor-widget-container\">\n\t\t\t\t\t\t\t\t\t\t\t\t\t<img decoding=\"async\" width=\"100\" height=\"340\" src=\"https:\/\/naszaszkola.com.pl\/niepubliczne-przedszkole\/wp-content\/uploads\/2024\/08\/Rectangle-3.jpg\" class=\"attachment-large size-large wp-image-34\" alt=\"\" srcset=\"https:\/\/naszaszkola.com.pl\/niepubliczne-przedszkole\/wp-content\/uploads\/2024\/08\/Rectangle-3.jpg 100w, https:\/\/naszaszkola.com.pl\/niepubliczne-przedszkole\/wp-content\/uploads\/2024\/08\/Rectangle-3-88x300.jpg 88w\" sizes=\"(max-width: 100px) 100vw, 100px\" \/>\t\t\t\t\t\t\t\t\t\t\t\t\t<\/div>\n\t\t\t\t<\/div>\n\t\t\t\t<section class=\"elementor-section elementor-inner-section elementor-element elementor-element-f5e90a2 elementor-section-height-min-height elementor-section-boxed elementor-section-height-default elementor-invisible\" data-id=\"f5e90a2\" data-element_type=\"section\" data-settings=\"{&quot;background_background&quot;:&quot;classic&quot;,&quot;animation&quot;:&quot;fadeIn&quot;}\">\n\t\t\t\t\t\t<div class=\"elementor-container elementor-column-gap-default\">\n\t\t\t\t\t<div class=\"elementor-column elementor-col-100 elementor-inner-column elementor-element elementor-element-5ea5764\" data-id=\"5ea5764\" data-element_type=\"column\">\n\t\t\t<div class=\"elementor-widget-wrap\">\n\t\t\t\t\t\t\t<\/div>\n\t\t<\/div>\n\t\t\t\t\t<\/div>\n\t\t<\/section>\n\t\t\t\t\t<\/div>\n\t\t<\/div>\n\t\t\t\t\t<\/div>\n\t\t<\/section>\n\t\t<div class=\"elementor-element elementor-element-1533447 e-con-full e-flex e-con e-parent\" data-id=\"1533447\" data-element_type=\"container\">\n\t\t\t\t<div class=\"elementor-element elementor-element-55f26f7 elementor-widget elementor-widget-text-editor\" data-id=\"55f26f7\" data-element_type=\"widget\" data-widget_type=\"text-editor.default\">\n\t\t\t\t<div class=\"elementor-widget-container\">\n\t\t\t\t\t\t\t<p><span style=\"font-weight: 400;\">Wyda\u0142a trzy tomy <\/span><b><i>\u201ePoezji\u201d<\/i><\/b><span style=\"font-weight: 400;\">. Dominuj\u0105 w nich dwa tematy \u2013 troska o los najbiedniejszych i dramat narodu pozbawionego wolno\u015bci. Na szczeg\u00f3ln\u0105 uwag\u0119 zas\u0142uguj\u0105 <\/span><b><i>\u201eObrazki\u201d<\/i><\/b><span style=\"font-weight: 400;\"> (<\/span><b><i>\u201eWolny najmita\u201d<\/i><\/b><b>, \u201e<\/b><b><i>Przed s\u0105dem\u201d<\/i><\/b><b>, <\/b><b><i>\u201eJa\u015b nie doczeka\u0142\u201d<\/i><\/b><b>, <\/b><b><i>\u201eZ szopk\u0105\u201d<\/i><\/b><span style=\"font-weight: 400;\">), w kt\u00f3rych niemal z rozpacz\u0105 domaga\u0142a si\u0119 zainteresowania od spo\u0142ecze\u0144stwa tragicznym \u017cyciem n\u0119dzarzy.\u00a0Obok tw\u00f3rczo\u015bci literackiej, aktywnie uczestniczy\u0142a w \u017cyciu spo\u0142eczno-kulturalnym. Od 1890 roku przebywa\u0142a w kilku krajach Europy Zachodniej, wsp\u00f3\u0142pracuj\u0105c z pras\u0105 krajow\u0105, zrzeszeniami polskimi na obczy\u017anie, Macierz\u0105 Szkoln\u0105, komitetami pomocy dla wyw\u0142aszczonej ludno\u015bci G\u00f3rnego \u015al\u0105ska i Wielkopolski, a tak\u017ce wsp\u00f3\u0142organizowa\u0142a mi\u0119dzynarodowy protest przeciwko prze\u015bladowaniu dzieci polskich we Wrze\u015bni w latach 1901-1902.\u00a0W latach 1905-1907 przybywaj\u0105c w Warszawie, organizowa\u0142a pomoc dla uwi\u0119zionych przez w\u0142adze carskie i ich rodzin. Jako wyraz uznania otrzyma\u0142a w darze od spo\u0142ecze\u0144stwa polskiego dworek w \u017barnowcu na jubileusz 25-lecia pracy literackiej.\u00a0Tw\u00f3rczo\u015b\u0107 pisarki jest r\u00f3\u017cnorodna. Napisa\u0142a powie\u015b\u0107 ba\u015bniow\u0105 dla dzieci: <\/span><b><i>\u201eO krasnoludkach i sierotce Marysi\u201d<\/i><\/b><span style=\"font-weight: 400;\">, liczne wiersze patriotyczne m.in.: <\/span><b><i>\u201eRota\u201d<\/i><\/b><span style=\"font-weight: 400;\">, czy <\/span><b><i>\u201ePie\u015b\u0144 o domu\u201d<\/i><\/b><span style=\"font-weight: 400;\"> oraz nowele: <\/span><b><i>\u201eDym\u201d<\/i><\/b><b>, <\/b><b><i>\u201eNasza szkapa\u201d<\/i><\/b><b>, <\/b><b><i>\u201eMendel Gda\u0144ski\u201d<\/i><\/b><span style=\"font-weight: 400;\">. Cykle pie\u015bni ludowych: <\/span><b><i>\u201eZ \u0142\u0105k i p\u00f3l\u201d<\/i><\/b><span style=\"font-weight: 400;\"> oraz <\/span><b><i>\u201eNa fujarce\u201d<\/i><\/b><span style=\"font-weight: 400;\"> przynios\u0142y jej du\u017c\u0105 popularno\u015b\u0107 i miano pie\u015bniarki ludu polskiego. W swych utworach protestowa\u0142a przeciwko krzywdzie ludzkiej, ukazuj\u0105c niedol\u0119 najubo\u017cszych warstw spo\u0142ecznych, a zw\u0142aszcza dzieci.\u00a0Zmar\u0142a 8 pa\u017adziernika 1910 r. we Lwowie. \u015amier\u0107 jej g\u0142\u0119boko wstrz\u0105sn\u0119\u0142a spo\u0142ecze\u0144stwem Suwa\u0142k. Zorganizowano wiecz\u00f3r po\u015bwi\u0119cony jej tw\u00f3rczo\u015bci i zapocz\u0105tkowano zbi\u00f3rk\u0119 pieni\u0119dzy na tablic\u0119 pami\u0105tkow\u0105. W\u0142adze carskie sprzeciwi\u0142y si\u0119 tej inicjatywie. Dopiero w 25-lecie \u015bmierci, 8 pa\u017adziernika 1935 r., na \u015bcianie domu, w kt\u00f3rym urodzi\u0142a si\u0119 poetka, umieszczono pami\u0105tkow\u0105 tablic\u0119.\u00a0W 1965 roku w dow\u00f3d wdzi\u0119czno\u015bci dzieci za zarobione przez siebie pieni\u0105dze (zbi\u00f3rka materia\u0142\u00f3w wt\u00f3rnych zorganizowana przez czasopismo dzieci\u0119ce <\/span><b><i>\u201eP\u0142omyczek\u201d<\/i><\/b><span style=\"font-weight: 400;\">) ufundowa\u0142y poetce pomnik (d\u0142uta Stanis\u0142awa Kulona), ustawiony w Ogrodzie Saskim, a w sierpniu 1973 r., zorganizowano <\/span><b>Muzeum Marii Konopnickiej.<\/b><\/p>\t\t\t\t\t\t<\/div>\n\t\t\t\t<\/div>\n\t\t\t\t<\/div>\n\t\t\t\t<\/div>\n\t\t","protected":false},"excerpt":{"rendered":"<p>O nas Maria Konopnicka Urodzi\u0142a si\u0119 23 maja 1842 roku w Suwa\u0142kach, w zubo\u017ca\u0142ej rodzinie szlacheckiej jako c\u00f3rka J\u00f3zefa Wasi\u0142owskiego, prawnika, patrona trybuna\u0142u cywilnego i Scholastyki z Turskich. We wrze\u015bniu 1849 roku rodzina sprowadzi\u0142a si\u0119 do Kalisza, gdzie przysz\u0142a poetka sp\u0119dzi\u0142a dzieci\u0144stwo i m\u0142odo\u015b\u0107.W latach 1855-1856 uczy\u0142a si\u0119 na pensji sakramentek w Warszawie. Tam pozna\u0142a [&hellip;]<\/p>\n","protected":false},"author":1,"featured_media":0,"parent":406,"menu_order":0,"comment_status":"closed","ping_status":"closed","template":"","meta":{"_acf_changed":false,"footnotes":""},"class_list":["post-479","page","type-page","status-publish","hentry"],"acf":[],"yoast_head":"<!-- This site is optimized with the Yoast SEO plugin v23.2 - https:\/\/yoast.com\/wordpress\/plugins\/seo\/ -->\n<title>Patronka - Przedszkole<\/title>\n<meta name=\"robots\" content=\"index, follow, max-snippet:-1, max-image-preview:large, max-video-preview:-1\" \/>\n<link rel=\"canonical\" href=\"https:\/\/naszaszkola.com.pl\/niepubliczne-przedszkole\/o-przedszkolu\/patronka\/\" \/>\n<meta property=\"og:locale\" content=\"pl_PL\" \/>\n<meta property=\"og:type\" content=\"article\" \/>\n<meta property=\"og:title\" content=\"Patronka - Przedszkole\" \/>\n<meta property=\"og:description\" content=\"O nas Maria Konopnicka Urodzi\u0142a si\u0119 23 maja 1842 roku w Suwa\u0142kach, w zubo\u017ca\u0142ej rodzinie szlacheckiej jako c\u00f3rka J\u00f3zefa Wasi\u0142owskiego, prawnika, patrona trybuna\u0142u cywilnego i Scholastyki z Turskich. We wrze\u015bniu 1849 roku rodzina sprowadzi\u0142a si\u0119 do Kalisza, gdzie przysz\u0142a poetka sp\u0119dzi\u0142a dzieci\u0144stwo i m\u0142odo\u015b\u0107.W latach 1855-1856 uczy\u0142a si\u0119 na pensji sakramentek w Warszawie. Tam pozna\u0142a [&hellip;]\" \/>\n<meta property=\"og:url\" content=\"https:\/\/naszaszkola.com.pl\/niepubliczne-przedszkole\/o-przedszkolu\/patronka\/\" \/>\n<meta property=\"og:site_name\" content=\"Przedszkole\" \/>\n<meta property=\"article:modified_time\" content=\"2024-10-07T09:17:11+00:00\" \/>\n<meta property=\"og:image\" content=\"https:\/\/naszaszkola.com.pl\/niepubliczne-przedszkole\/wp-content\/uploads\/2024\/08\/Rectangle-5.jpg\" \/>\n<meta name=\"twitter:card\" content=\"summary_large_image\" \/>\n<script type=\"application\/ld+json\" class=\"yoast-schema-graph\">{\"@context\":\"https:\/\/schema.org\",\"@graph\":[{\"@type\":\"WebPage\",\"@id\":\"https:\/\/naszaszkola.com.pl\/niepubliczne-przedszkole\/o-przedszkolu\/patronka\/\",\"url\":\"https:\/\/naszaszkola.com.pl\/niepubliczne-przedszkole\/o-przedszkolu\/patronka\/\",\"name\":\"Patronka - Przedszkole\",\"isPartOf\":{\"@id\":\"https:\/\/naszaszkola.com.pl\/niepubliczne-przedszkole\/#website\"},\"primaryImageOfPage\":{\"@id\":\"https:\/\/naszaszkola.com.pl\/niepubliczne-przedszkole\/o-przedszkolu\/patronka\/#primaryimage\"},\"image\":{\"@id\":\"https:\/\/naszaszkola.com.pl\/niepubliczne-przedszkole\/o-przedszkolu\/patronka\/#primaryimage\"},\"thumbnailUrl\":\"https:\/\/naszaszkola.com.pl\/niepubliczne-przedszkole\/wp-content\/uploads\/2024\/08\/Rectangle-5.jpg\",\"datePublished\":\"2024-08-19T10:46:14+00:00\",\"dateModified\":\"2024-10-07T09:17:11+00:00\",\"breadcrumb\":{\"@id\":\"https:\/\/naszaszkola.com.pl\/niepubliczne-przedszkole\/o-przedszkolu\/patronka\/#breadcrumb\"},\"inLanguage\":\"pl-PL\",\"potentialAction\":[{\"@type\":\"ReadAction\",\"target\":[\"https:\/\/naszaszkola.com.pl\/niepubliczne-przedszkole\/o-przedszkolu\/patronka\/\"]}]},{\"@type\":\"ImageObject\",\"inLanguage\":\"pl-PL\",\"@id\":\"https:\/\/naszaszkola.com.pl\/niepubliczne-przedszkole\/o-przedszkolu\/patronka\/#primaryimage\",\"url\":\"https:\/\/naszaszkola.com.pl\/niepubliczne-przedszkole\/wp-content\/uploads\/2024\/08\/Rectangle-5.jpg\",\"contentUrl\":\"https:\/\/naszaszkola.com.pl\/niepubliczne-przedszkole\/wp-content\/uploads\/2024\/08\/Rectangle-5.jpg\",\"width\":30,\"height\":30},{\"@type\":\"BreadcrumbList\",\"@id\":\"https:\/\/naszaszkola.com.pl\/niepubliczne-przedszkole\/o-przedszkolu\/patronka\/#breadcrumb\",\"itemListElement\":[{\"@type\":\"ListItem\",\"position\":1,\"name\":\"Strona g\u0142\u00f3wna\",\"item\":\"https:\/\/naszaszkola.com.pl\/niepubliczne-przedszkole\/\"},{\"@type\":\"ListItem\",\"position\":2,\"name\":\"O przedszkolu\",\"item\":\"https:\/\/naszaszkola.com.pl\/niepubliczne-przedszkole\/o-przedszkolu\/\"},{\"@type\":\"ListItem\",\"position\":3,\"name\":\"Patronka\"}]},{\"@type\":\"WebSite\",\"@id\":\"https:\/\/naszaszkola.com.pl\/niepubliczne-przedszkole\/#website\",\"url\":\"https:\/\/naszaszkola.com.pl\/niepubliczne-przedszkole\/\",\"name\":\"Przedszkole\",\"description\":\"Przedszkole\",\"potentialAction\":[{\"@type\":\"SearchAction\",\"target\":{\"@type\":\"EntryPoint\",\"urlTemplate\":\"https:\/\/naszaszkola.com.pl\/niepubliczne-przedszkole\/?s={search_term_string}\"},\"query-input\":\"required name=search_term_string\"}],\"inLanguage\":\"pl-PL\"}]}<\/script>\n<!-- \/ Yoast SEO plugin. -->","yoast_head_json":{"title":"Patronka - Przedszkole","robots":{"index":"index","follow":"follow","max-snippet":"max-snippet:-1","max-image-preview":"max-image-preview:large","max-video-preview":"max-video-preview:-1"},"canonical":"https:\/\/naszaszkola.com.pl\/niepubliczne-przedszkole\/o-przedszkolu\/patronka\/","og_locale":"pl_PL","og_type":"article","og_title":"Patronka - Przedszkole","og_description":"O nas Maria Konopnicka Urodzi\u0142a si\u0119 23 maja 1842 roku w Suwa\u0142kach, w zubo\u017ca\u0142ej rodzinie szlacheckiej jako c\u00f3rka J\u00f3zefa Wasi\u0142owskiego, prawnika, patrona trybuna\u0142u cywilnego i Scholastyki z Turskich. We wrze\u015bniu 1849 roku rodzina sprowadzi\u0142a si\u0119 do Kalisza, gdzie przysz\u0142a poetka sp\u0119dzi\u0142a dzieci\u0144stwo i m\u0142odo\u015b\u0107.W latach 1855-1856 uczy\u0142a si\u0119 na pensji sakramentek w Warszawie. Tam pozna\u0142a [&hellip;]","og_url":"https:\/\/naszaszkola.com.pl\/niepubliczne-przedszkole\/o-przedszkolu\/patronka\/","og_site_name":"Przedszkole","article_modified_time":"2024-10-07T09:17:11+00:00","og_image":[{"url":"https:\/\/naszaszkola.com.pl\/niepubliczne-przedszkole\/wp-content\/uploads\/2024\/08\/Rectangle-5.jpg"}],"twitter_card":"summary_large_image","schema":{"@context":"https:\/\/schema.org","@graph":[{"@type":"WebPage","@id":"https:\/\/naszaszkola.com.pl\/niepubliczne-przedszkole\/o-przedszkolu\/patronka\/","url":"https:\/\/naszaszkola.com.pl\/niepubliczne-przedszkole\/o-przedszkolu\/patronka\/","name":"Patronka - Przedszkole","isPartOf":{"@id":"https:\/\/naszaszkola.com.pl\/niepubliczne-przedszkole\/#website"},"primaryImageOfPage":{"@id":"https:\/\/naszaszkola.com.pl\/niepubliczne-przedszkole\/o-przedszkolu\/patronka\/#primaryimage"},"image":{"@id":"https:\/\/naszaszkola.com.pl\/niepubliczne-przedszkole\/o-przedszkolu\/patronka\/#primaryimage"},"thumbnailUrl":"https:\/\/naszaszkola.com.pl\/niepubliczne-przedszkole\/wp-content\/uploads\/2024\/08\/Rectangle-5.jpg","datePublished":"2024-08-19T10:46:14+00:00","dateModified":"2024-10-07T09:17:11+00:00","breadcrumb":{"@id":"https:\/\/naszaszkola.com.pl\/niepubliczne-przedszkole\/o-przedszkolu\/patronka\/#breadcrumb"},"inLanguage":"pl-PL","potentialAction":[{"@type":"ReadAction","target":["https:\/\/naszaszkola.com.pl\/niepubliczne-przedszkole\/o-przedszkolu\/patronka\/"]}]},{"@type":"ImageObject","inLanguage":"pl-PL","@id":"https:\/\/naszaszkola.com.pl\/niepubliczne-przedszkole\/o-przedszkolu\/patronka\/#primaryimage","url":"https:\/\/naszaszkola.com.pl\/niepubliczne-przedszkole\/wp-content\/uploads\/2024\/08\/Rectangle-5.jpg","contentUrl":"https:\/\/naszaszkola.com.pl\/niepubliczne-przedszkole\/wp-content\/uploads\/2024\/08\/Rectangle-5.jpg","width":30,"height":30},{"@type":"BreadcrumbList","@id":"https:\/\/naszaszkola.com.pl\/niepubliczne-przedszkole\/o-przedszkolu\/patronka\/#breadcrumb","itemListElement":[{"@type":"ListItem","position":1,"name":"Strona g\u0142\u00f3wna","item":"https:\/\/naszaszkola.com.pl\/niepubliczne-przedszkole\/"},{"@type":"ListItem","position":2,"name":"O przedszkolu","item":"https:\/\/naszaszkola.com.pl\/niepubliczne-przedszkole\/o-przedszkolu\/"},{"@type":"ListItem","position":3,"name":"Patronka"}]},{"@type":"WebSite","@id":"https:\/\/naszaszkola.com.pl\/niepubliczne-przedszkole\/#website","url":"https:\/\/naszaszkola.com.pl\/niepubliczne-przedszkole\/","name":"Przedszkole","description":"Przedszkole","potentialAction":[{"@type":"SearchAction","target":{"@type":"EntryPoint","urlTemplate":"https:\/\/naszaszkola.com.pl\/niepubliczne-przedszkole\/?s={search_term_string}"},"query-input":"required name=search_term_string"}],"inLanguage":"pl-PL"}]}},"_links":{"self":[{"href":"https:\/\/naszaszkola.com.pl\/niepubliczne-przedszkole\/wp-json\/wp\/v2\/pages\/479","targetHints":{"allow":["GET"]}}],"collection":[{"href":"https:\/\/naszaszkola.com.pl\/niepubliczne-przedszkole\/wp-json\/wp\/v2\/pages"}],"about":[{"href":"https:\/\/naszaszkola.com.pl\/niepubliczne-przedszkole\/wp-json\/wp\/v2\/types\/page"}],"author":[{"embeddable":true,"href":"https:\/\/naszaszkola.com.pl\/niepubliczne-przedszkole\/wp-json\/wp\/v2\/users\/1"}],"replies":[{"embeddable":true,"href":"https:\/\/naszaszkola.com.pl\/niepubliczne-przedszkole\/wp-json\/wp\/v2\/comments?post=479"}],"version-history":[{"count":14,"href":"https:\/\/naszaszkola.com.pl\/niepubliczne-przedszkole\/wp-json\/wp\/v2\/pages\/479\/revisions"}],"predecessor-version":[{"id":847,"href":"https:\/\/naszaszkola.com.pl\/niepubliczne-przedszkole\/wp-json\/wp\/v2\/pages\/479\/revisions\/847"}],"up":[{"embeddable":true,"href":"https:\/\/naszaszkola.com.pl\/niepubliczne-przedszkole\/wp-json\/wp\/v2\/pages\/406"}],"wp:attachment":[{"href":"https:\/\/naszaszkola.com.pl\/niepubliczne-przedszkole\/wp-json\/wp\/v2\/media?parent=479"}],"curies":[{"name":"wp","href":"https:\/\/api.w.org\/{rel}","templated":true}]}}