{"id":411,"date":"2024-08-19T10:20:05","date_gmt":"2024-08-19T10:20:05","guid":{"rendered":"https:\/\/naszaszkola.com.pl\/psp\/dla-dziecka-copy\/"},"modified":"2024-10-01T09:16:17","modified_gmt":"2024-10-01T09:16:17","slug":"nauka","status":"publish","type":"page","link":"https:\/\/naszaszkola.com.pl\/psp\/nauka\/","title":{"rendered":"Nauka"},"content":{"rendered":"\t\t<div data-elementor-type=\"wp-page\" data-elementor-id=\"411\" class=\"elementor elementor-411\" data-elementor-post-type=\"page\">\n\t\t\t\t<div class=\"elementor-element elementor-element-1533447 e-con-full e-flex e-con e-parent\" data-id=\"1533447\" data-element_type=\"container\" data-e-type=\"container\">\n\t\t\t\t<div class=\"elementor-element elementor-element-55f26f7 elementor-widget elementor-widget-text-editor\" data-id=\"55f26f7\" data-element_type=\"widget\" data-e-type=\"widget\" data-widget_type=\"text-editor.default\">\n\t\t\t\t<div class=\"elementor-widget-container\">\n\t\t\t\t\t\t\t\t\t<p>Witamy w Strefie Ucznia! To miejsce stworzone z my\u015bl\u0105 o Tobie \u2013 znajdziesz tu wszystkie potrzebne informacje, materia\u0142y do nauki, plan lekcji, a tak\u017ce aktualno\u015bci zwi\u0105zane z \u017cyciem szko\u0142y. Sprawd\u017a, jakie wydarzenia i konkursy s\u0105 organizowane, jakie masz mo\u017cliwo\u015bci rozwoju, i jakie zasoby mog\u0105 Ci pom\u00f3c w codziennej nauce. To Twoja przestrze\u0144, aby by\u0107 na bie\u017c\u0105co i czerpa\u0107 jak najwi\u0119cej z ka\u017cdego szkolnego dnia!\u00a0<\/p>\t\t\t\t\t\t\t\t<\/div>\n\t\t\t\t<\/div>\n\t\t\t\t<\/div>\n\t\t\t\t<\/div>\n\t\t","protected":false},"excerpt":{"rendered":"<p>Witamy w Strefie Ucznia! To miejsce stworzone z my\u015bl\u0105 o Tobie \u2013 znajdziesz tu wszystkie potrzebne informacje, materia\u0142y do nauki, plan lekcji, a tak\u017ce aktualno\u015bci zwi\u0105zane z \u017cyciem szko\u0142y. Sprawd\u017a, jakie wydarzenia i konkursy s\u0105 organizowane, jakie masz mo\u017cliwo\u015bci rozwoju, i jakie zasoby mog\u0105 Ci pom\u00f3c w codziennej nauce. To Twoja przestrze\u0144, aby by\u0107 na [&hellip;]<\/p>\n","protected":false},"author":1,"featured_media":0,"parent":0,"menu_order":0,"comment_status":"closed","ping_status":"closed","template":"","meta":{"_acf_changed":false,"footnotes":""},"class_list":["post-411","page","type-page","status-publish","hentry"],"acf":[],"yoast_head":"<!-- This site is optimized with the Yoast SEO plugin v23.2 - https:\/\/yoast.com\/wordpress\/plugins\/seo\/ -->\n<title>Nauka - Nasza Szko\u0142a<\/title>\n<meta name=\"robots\" content=\"index, follow, max-snippet:-1, max-image-preview:large, max-video-preview:-1\" \/>\n<link rel=\"canonical\" href=\"https:\/\/naszaszkola.com.pl\/psp\/nauka\/\" \/>\n<meta property=\"og:locale\" content=\"pl_PL\" \/>\n<meta property=\"og:type\" content=\"article\" \/>\n<meta property=\"og:title\" content=\"Nauka - Nasza Szko\u0142a\" \/>\n<meta property=\"og:description\" content=\"Witamy w Strefie Ucznia! To miejsce stworzone z my\u015bl\u0105 o Tobie \u2013 znajdziesz tu wszystkie potrzebne informacje, materia\u0142y do nauki, plan lekcji, a tak\u017ce aktualno\u015bci zwi\u0105zane z \u017cyciem szko\u0142y. Sprawd\u017a, jakie wydarzenia i konkursy s\u0105 organizowane, jakie masz mo\u017cliwo\u015bci rozwoju, i jakie zasoby mog\u0105 Ci pom\u00f3c w codziennej nauce. To Twoja przestrze\u0144, aby by\u0107 na [&hellip;]\" \/>\n<meta property=\"og:url\" content=\"https:\/\/naszaszkola.com.pl\/psp\/nauka\/\" \/>\n<meta property=\"og:site_name\" content=\"Nasza Szko\u0142a\" \/>\n<meta property=\"article:modified_time\" content=\"2024-10-01T09:16:17+00:00\" \/>\n<meta name=\"twitter:card\" content=\"summary_large_image\" \/>\n<meta name=\"twitter:label1\" content=\"Szacowany czas czytania\" \/>\n\t<meta name=\"twitter:data1\" content=\"1 minuta\" \/>\n<script type=\"application\/ld+json\" class=\"yoast-schema-graph\">{\"@context\":\"https:\/\/schema.org\",\"@graph\":[{\"@type\":\"WebPage\",\"@id\":\"https:\/\/naszaszkola.com.pl\/psp\/nauka\/\",\"url\":\"https:\/\/naszaszkola.com.pl\/psp\/nauka\/\",\"name\":\"Nauka - Nasza Szko\u0142a\",\"isPartOf\":{\"@id\":\"https:\/\/naszaszkola.com.pl\/psp\/#website\"},\"datePublished\":\"2024-08-19T10:20:05+00:00\",\"dateModified\":\"2024-10-01T09:16:17+00:00\",\"breadcrumb\":{\"@id\":\"https:\/\/naszaszkola.com.pl\/psp\/nauka\/#breadcrumb\"},\"inLanguage\":\"pl-PL\",\"potentialAction\":[{\"@type\":\"ReadAction\",\"target\":[\"https:\/\/naszaszkola.com.pl\/psp\/nauka\/\"]}]},{\"@type\":\"BreadcrumbList\",\"@id\":\"https:\/\/naszaszkola.com.pl\/psp\/nauka\/#breadcrumb\",\"itemListElement\":[{\"@type\":\"ListItem\",\"position\":1,\"name\":\"Strona g\u0142\u00f3wna\",\"item\":\"https:\/\/naszaszkola.com.pl\/psp\/\"},{\"@type\":\"ListItem\",\"position\":2,\"name\":\"Nauka\"}]},{\"@type\":\"WebSite\",\"@id\":\"https:\/\/naszaszkola.com.pl\/psp\/#website\",\"url\":\"https:\/\/naszaszkola.com.pl\/psp\/\",\"name\":\"Nasza Szko\u0142a\",\"description\":\"Nasza Szko\u0142a\",\"potentialAction\":[{\"@type\":\"SearchAction\",\"target\":{\"@type\":\"EntryPoint\",\"urlTemplate\":\"https:\/\/naszaszkola.com.pl\/psp\/?s={search_term_string}\"},\"query-input\":\"required name=search_term_string\"}],\"inLanguage\":\"pl-PL\"}]}<\/script>\n<!-- \/ Yoast SEO plugin. -->","yoast_head_json":{"title":"Nauka - Nasza Szko\u0142a","robots":{"index":"index","follow":"follow","max-snippet":"max-snippet:-1","max-image-preview":"max-image-preview:large","max-video-preview":"max-video-preview:-1"},"canonical":"https:\/\/naszaszkola.com.pl\/psp\/nauka\/","og_locale":"pl_PL","og_type":"article","og_title":"Nauka - Nasza Szko\u0142a","og_description":"Witamy w Strefie Ucznia! To miejsce stworzone z my\u015bl\u0105 o Tobie \u2013 znajdziesz tu wszystkie potrzebne informacje, materia\u0142y do nauki, plan lekcji, a tak\u017ce aktualno\u015bci zwi\u0105zane z \u017cyciem szko\u0142y. Sprawd\u017a, jakie wydarzenia i konkursy s\u0105 organizowane, jakie masz mo\u017cliwo\u015bci rozwoju, i jakie zasoby mog\u0105 Ci pom\u00f3c w codziennej nauce. To Twoja przestrze\u0144, aby by\u0107 na [&hellip;]","og_url":"https:\/\/naszaszkola.com.pl\/psp\/nauka\/","og_site_name":"Nasza Szko\u0142a","article_modified_time":"2024-10-01T09:16:17+00:00","twitter_card":"summary_large_image","twitter_misc":{"Szacowany czas czytania":"1 minuta"},"schema":{"@context":"https:\/\/schema.org","@graph":[{"@type":"WebPage","@id":"https:\/\/naszaszkola.com.pl\/psp\/nauka\/","url":"https:\/\/naszaszkola.com.pl\/psp\/nauka\/","name":"Nauka - Nasza Szko\u0142a","isPartOf":{"@id":"https:\/\/naszaszkola.com.pl\/psp\/#website"},"datePublished":"2024-08-19T10:20:05+00:00","dateModified":"2024-10-01T09:16:17+00:00","breadcrumb":{"@id":"https:\/\/naszaszkola.com.pl\/psp\/nauka\/#breadcrumb"},"inLanguage":"pl-PL","potentialAction":[{"@type":"ReadAction","target":["https:\/\/naszaszkola.com.pl\/psp\/nauka\/"]}]},{"@type":"BreadcrumbList","@id":"https:\/\/naszaszkola.com.pl\/psp\/nauka\/#breadcrumb","itemListElement":[{"@type":"ListItem","position":1,"name":"Strona g\u0142\u00f3wna","item":"https:\/\/naszaszkola.com.pl\/psp\/"},{"@type":"ListItem","position":2,"name":"Nauka"}]},{"@type":"WebSite","@id":"https:\/\/naszaszkola.com.pl\/psp\/#website","url":"https:\/\/naszaszkola.com.pl\/psp\/","name":"Nasza Szko\u0142a","description":"Nasza Szko\u0142a","potentialAction":[{"@type":"SearchAction","target":{"@type":"EntryPoint","urlTemplate":"https:\/\/naszaszkola.com.pl\/psp\/?s={search_term_string}"},"query-input":"required name=search_term_string"}],"inLanguage":"pl-PL"}]}},"_links":{"self":[{"href":"https:\/\/naszaszkola.com.pl\/psp\/wp-json\/wp\/v2\/pages\/411","targetHints":{"allow":["GET"]}}],"collection":[{"href":"https:\/\/naszaszkola.com.pl\/psp\/wp-json\/wp\/v2\/pages"}],"about":[{"href":"https:\/\/naszaszkola.com.pl\/psp\/wp-json\/wp\/v2\/types\/page"}],"author":[{"embeddable":true,"href":"https:\/\/naszaszkola.com.pl\/psp\/wp-json\/wp\/v2\/users\/1"}],"replies":[{"embeddable":true,"href":"https:\/\/naszaszkola.com.pl\/psp\/wp-json\/wp\/v2\/comments?post=411"}],"version-history":[{"count":5,"href":"https:\/\/naszaszkola.com.pl\/psp\/wp-json\/wp\/v2\/pages\/411\/revisions"}],"predecessor-version":[{"id":638,"href":"https:\/\/naszaszkola.com.pl\/psp\/wp-json\/wp\/v2\/pages\/411\/revisions\/638"}],"wp:attachment":[{"href":"https:\/\/naszaszkola.com.pl\/psp\/wp-json\/wp\/v2\/media?parent=411"}],"curies":[{"name":"wp","href":"https:\/\/api.w.org\/{rel}","templated":true}]}}