{"id":421,"date":"2024-08-19T10:23:30","date_gmt":"2024-08-19T10:23:30","guid":{"rendered":"https:\/\/naszaszkola.com.pl\/psp\/dla-dziecka\/platnosc-copy\/"},"modified":"2024-10-01T09:48:53","modified_gmt":"2024-10-01T09:48:53","slug":"dokumentacja","status":"publish","type":"page","link":"https:\/\/naszaszkola.com.pl\/psp\/przydatne-informacje\/dokumentacja\/","title":{"rendered":"Dokumentacja"},"content":{"rendered":"\t\t<div data-elementor-type=\"wp-page\" data-elementor-id=\"421\" class=\"elementor elementor-421\" data-elementor-post-type=\"page\">\n\t\t\t\t<div class=\"elementor-element elementor-element-1533447 e-con-full e-flex e-con e-parent\" data-id=\"1533447\" data-element_type=\"container\" data-e-type=\"container\">\n\t\t\t\t<div class=\"elementor-element elementor-element-55f26f7 elementor-widget elementor-widget-text-editor\" data-id=\"55f26f7\" data-element_type=\"widget\" data-e-type=\"widget\" data-widget_type=\"text-editor.default\">\n\t\t\t\t<div class=\"elementor-widget-container\">\n\t\t\t\t\t\t\t\t\t<p>W zak\u0142adce &#8222;Dokumentacja&#8221; znajduj\u0105 si\u0119 wszystkie istotne informacje dotycz\u0105ce funkcjonowania naszej szko\u0142y. Uczniowie i rodzice mog\u0105 tu znale\u017a\u0107 regulaminy, procedury, plany nauczania oraz dokumenty zwi\u0105zane z organizacj\u0105 zaj\u0119\u0107. Zapewniamy transparentno\u015b\u0107 i \u0142atwy dost\u0119p do niezb\u0119dnych materia\u0142\u00f3w, kt\u00f3re wspieraj\u0105 proces edukacyjny i wsp\u00f3\u0142prac\u0119 z rodzicami.<\/p>\t\t\t\t\t\t\t\t<\/div>\n\t\t\t\t<\/div>\n\t\t\t\t<div class=\"elementor-element elementor-element-833e8e4 elementor-icon-list--layout-traditional elementor-list-item-link-full_width elementor-widget elementor-widget-icon-list\" data-id=\"833e8e4\" data-element_type=\"widget\" data-e-type=\"widget\" data-widget_type=\"icon-list.default\">\n\t\t\t\t<div class=\"elementor-widget-container\">\n\t\t\t\t\t\t\t<ul class=\"elementor-icon-list-items\">\n\t\t\t\t\t\t\t<li class=\"elementor-icon-list-item\">\n\t\t\t\t\t\t\t\t\t\t\t<span class=\"elementor-icon-list-icon\">\n\t\t\t\t\t\t\t<svg aria-hidden=\"true\" class=\"e-font-icon-svg e-fas-file-pdf\" viewBox=\"0 0 384 512\" xmlns=\"http:\/\/www.w3.org\/2000\/svg\"><path d=\"M181.9 256.1c-5-16-4.9-46.9-2-46.9 8.4 0 7.6 36.9 2 46.9zm-1.7 47.2c-7.7 20.2-17.3 43.3-28.4 62.7 18.3-7 39-17.2 62.9-21.9-12.7-9.6-24.9-23.4-34.5-40.8zM86.1 428.1c0 .8 13.2-5.4 34.9-40.2-6.7 6.3-29.1 24.5-34.9 40.2zM248 160h136v328c0 13.3-10.7 24-24 24H24c-13.3 0-24-10.7-24-24V24C0 10.7 10.7 0 24 0h200v136c0 13.2 10.8 24 24 24zm-8 171.8c-20-12.2-33.3-29-42.7-53.8 4.5-18.5 11.6-46.6 6.2-64.2-4.7-29.4-42.4-26.5-47.8-6.8-5 18.3-.4 44.1 8.1 77-11.6 27.6-28.7 64.6-40.8 85.8-.1 0-.1.1-.2.1-27.1 13.9-73.6 44.5-54.5 68 5.6 6.9 16 10 21.5 10 17.9 0 35.7-18 61.1-61.8 25.8-8.5 54.1-19.1 79-23.2 21.7 11.8 47.1 19.5 64 19.5 29.2 0 31.2-32 19.7-43.4-13.9-13.6-54.3-9.7-73.6-7.2zM377 105L279 7c-4.5-4.5-10.6-7-17-7h-6v128h128v-6.1c0-6.3-2.5-12.4-7-16.9zm-74.1 255.3c4.1-2.7-2.5-11.9-42.8-9 37.1 15.8 42.8 9 42.8 9z\"><\/path><\/svg>\t\t\t\t\t\t<\/span>\n\t\t\t\t\t\t\t\t\t\t<span class=\"elementor-icon-list-text\">Statut szko\u0142y<\/span>\n\t\t\t\t\t\t\t\t\t<\/li>\n\t\t\t\t\t\t\t\t<li class=\"elementor-icon-list-item\">\n\t\t\t\t\t\t\t\t\t\t\t<span class=\"elementor-icon-list-icon\">\n\t\t\t\t\t\t\t<svg aria-hidden=\"true\" class=\"e-font-icon-svg e-fas-file-pdf\" viewBox=\"0 0 384 512\" xmlns=\"http:\/\/www.w3.org\/2000\/svg\"><path d=\"M181.9 256.1c-5-16-4.9-46.9-2-46.9 8.4 0 7.6 36.9 2 46.9zm-1.7 47.2c-7.7 20.2-17.3 43.3-28.4 62.7 18.3-7 39-17.2 62.9-21.9-12.7-9.6-24.9-23.4-34.5-40.8zM86.1 428.1c0 .8 13.2-5.4 34.9-40.2-6.7 6.3-29.1 24.5-34.9 40.2zM248 160h136v328c0 13.3-10.7 24-24 24H24c-13.3 0-24-10.7-24-24V24C0 10.7 10.7 0 24 0h200v136c0 13.2 10.8 24 24 24zm-8 171.8c-20-12.2-33.3-29-42.7-53.8 4.5-18.5 11.6-46.6 6.2-64.2-4.7-29.4-42.4-26.5-47.8-6.8-5 18.3-.4 44.1 8.1 77-11.6 27.6-28.7 64.6-40.8 85.8-.1 0-.1.1-.2.1-27.1 13.9-73.6 44.5-54.5 68 5.6 6.9 16 10 21.5 10 17.9 0 35.7-18 61.1-61.8 25.8-8.5 54.1-19.1 79-23.2 21.7 11.8 47.1 19.5 64 19.5 29.2 0 31.2-32 19.7-43.4-13.9-13.6-54.3-9.7-73.6-7.2zM377 105L279 7c-4.5-4.5-10.6-7-17-7h-6v128h128v-6.1c0-6.3-2.5-12.4-7-16.9zm-74.1 255.3c4.1-2.7-2.5-11.9-42.8-9 37.1 15.8 42.8 9 42.8 9z\"><\/path><\/svg>\t\t\t\t\t\t<\/span>\n\t\t\t\t\t\t\t\t\t\t<span class=\"elementor-icon-list-text\">Regulamin<\/span>\n\t\t\t\t\t\t\t\t\t<\/li>\n\t\t\t\t\t\t<\/ul>\n\t\t\t\t\t\t<\/div>\n\t\t\t\t<\/div>\n\t\t\t\t<\/div>\n\t\t\t\t<\/div>\n\t\t","protected":false},"excerpt":{"rendered":"<p>W zak\u0142adce &#8222;Dokumentacja&#8221; znajduj\u0105 si\u0119 wszystkie istotne informacje dotycz\u0105ce funkcjonowania naszej szko\u0142y. Uczniowie i rodzice mog\u0105 tu znale\u017a\u0107 regulaminy, procedury, plany nauczania oraz dokumenty zwi\u0105zane z organizacj\u0105 zaj\u0119\u0107. Zapewniamy transparentno\u015b\u0107 i \u0142atwy dost\u0119p do niezb\u0119dnych materia\u0142\u00f3w, kt\u00f3re wspieraj\u0105 proces edukacyjny i wsp\u00f3\u0142prac\u0119 z rodzicami. Statut szko\u0142y Regulamin<\/p>\n","protected":false},"author":1,"featured_media":0,"parent":378,"menu_order":0,"comment_status":"closed","ping_status":"closed","template":"","meta":{"_acf_changed":false,"footnotes":""},"class_list":["post-421","page","type-page","status-publish","hentry"],"acf":[],"yoast_head":"<!-- This site is optimized with the Yoast SEO plugin v23.2 - https:\/\/yoast.com\/wordpress\/plugins\/seo\/ -->\n<title>Dokumentacja - Nasza Szko\u0142a<\/title>\n<meta name=\"robots\" content=\"index, follow, max-snippet:-1, max-image-preview:large, max-video-preview:-1\" \/>\n<link rel=\"canonical\" href=\"https:\/\/naszaszkola.com.pl\/psp\/przydatne-informacje\/dokumentacja\/\" \/>\n<meta property=\"og:locale\" content=\"pl_PL\" \/>\n<meta property=\"og:type\" content=\"article\" \/>\n<meta property=\"og:title\" content=\"Dokumentacja - Nasza Szko\u0142a\" \/>\n<meta property=\"og:description\" content=\"W zak\u0142adce &#8222;Dokumentacja&#8221; znajduj\u0105 si\u0119 wszystkie istotne informacje dotycz\u0105ce funkcjonowania naszej szko\u0142y. Uczniowie i rodzice mog\u0105 tu znale\u017a\u0107 regulaminy, procedury, plany nauczania oraz dokumenty zwi\u0105zane z organizacj\u0105 zaj\u0119\u0107. Zapewniamy transparentno\u015b\u0107 i \u0142atwy dost\u0119p do niezb\u0119dnych materia\u0142\u00f3w, kt\u00f3re wspieraj\u0105 proces edukacyjny i wsp\u00f3\u0142prac\u0119 z rodzicami. Statut szko\u0142y Regulamin\" \/>\n<meta property=\"og:url\" content=\"https:\/\/naszaszkola.com.pl\/psp\/przydatne-informacje\/dokumentacja\/\" \/>\n<meta property=\"og:site_name\" content=\"Nasza Szko\u0142a\" \/>\n<meta property=\"article:modified_time\" content=\"2024-10-01T09:48:53+00:00\" \/>\n<meta name=\"twitter:card\" content=\"summary_large_image\" \/>\n<meta name=\"twitter:label1\" content=\"Szacowany czas czytania\" \/>\n\t<meta name=\"twitter:data1\" content=\"1 minuta\" \/>\n<script type=\"application\/ld+json\" class=\"yoast-schema-graph\">{\"@context\":\"https:\/\/schema.org\",\"@graph\":[{\"@type\":\"WebPage\",\"@id\":\"https:\/\/naszaszkola.com.pl\/psp\/przydatne-informacje\/dokumentacja\/\",\"url\":\"https:\/\/naszaszkola.com.pl\/psp\/przydatne-informacje\/dokumentacja\/\",\"name\":\"Dokumentacja - Nasza Szko\u0142a\",\"isPartOf\":{\"@id\":\"https:\/\/naszaszkola.com.pl\/psp\/#website\"},\"datePublished\":\"2024-08-19T10:23:30+00:00\",\"dateModified\":\"2024-10-01T09:48:53+00:00\",\"breadcrumb\":{\"@id\":\"https:\/\/naszaszkola.com.pl\/psp\/przydatne-informacje\/dokumentacja\/#breadcrumb\"},\"inLanguage\":\"pl-PL\",\"potentialAction\":[{\"@type\":\"ReadAction\",\"target\":[\"https:\/\/naszaszkola.com.pl\/psp\/przydatne-informacje\/dokumentacja\/\"]}]},{\"@type\":\"BreadcrumbList\",\"@id\":\"https:\/\/naszaszkola.com.pl\/psp\/przydatne-informacje\/dokumentacja\/#breadcrumb\",\"itemListElement\":[{\"@type\":\"ListItem\",\"position\":1,\"name\":\"Strona g\u0142\u00f3wna\",\"item\":\"https:\/\/naszaszkola.com.pl\/psp\/\"},{\"@type\":\"ListItem\",\"position\":2,\"name\":\"Przydatne informacje\",\"item\":\"https:\/\/naszaszkola.com.pl\/psp\/przydatne-informacje\/\"},{\"@type\":\"ListItem\",\"position\":3,\"name\":\"Dokumentacja\"}]},{\"@type\":\"WebSite\",\"@id\":\"https:\/\/naszaszkola.com.pl\/psp\/#website\",\"url\":\"https:\/\/naszaszkola.com.pl\/psp\/\",\"name\":\"Nasza Szko\u0142a\",\"description\":\"Nasza Szko\u0142a\",\"potentialAction\":[{\"@type\":\"SearchAction\",\"target\":{\"@type\":\"EntryPoint\",\"urlTemplate\":\"https:\/\/naszaszkola.com.pl\/psp\/?s={search_term_string}\"},\"query-input\":\"required name=search_term_string\"}],\"inLanguage\":\"pl-PL\"}]}<\/script>\n<!-- \/ Yoast SEO plugin. -->","yoast_head_json":{"title":"Dokumentacja - Nasza Szko\u0142a","robots":{"index":"index","follow":"follow","max-snippet":"max-snippet:-1","max-image-preview":"max-image-preview:large","max-video-preview":"max-video-preview:-1"},"canonical":"https:\/\/naszaszkola.com.pl\/psp\/przydatne-informacje\/dokumentacja\/","og_locale":"pl_PL","og_type":"article","og_title":"Dokumentacja - Nasza Szko\u0142a","og_description":"W zak\u0142adce &#8222;Dokumentacja&#8221; znajduj\u0105 si\u0119 wszystkie istotne informacje dotycz\u0105ce funkcjonowania naszej szko\u0142y. Uczniowie i rodzice mog\u0105 tu znale\u017a\u0107 regulaminy, procedury, plany nauczania oraz dokumenty zwi\u0105zane z organizacj\u0105 zaj\u0119\u0107. Zapewniamy transparentno\u015b\u0107 i \u0142atwy dost\u0119p do niezb\u0119dnych materia\u0142\u00f3w, kt\u00f3re wspieraj\u0105 proces edukacyjny i wsp\u00f3\u0142prac\u0119 z rodzicami. Statut szko\u0142y Regulamin","og_url":"https:\/\/naszaszkola.com.pl\/psp\/przydatne-informacje\/dokumentacja\/","og_site_name":"Nasza Szko\u0142a","article_modified_time":"2024-10-01T09:48:53+00:00","twitter_card":"summary_large_image","twitter_misc":{"Szacowany czas czytania":"1 minuta"},"schema":{"@context":"https:\/\/schema.org","@graph":[{"@type":"WebPage","@id":"https:\/\/naszaszkola.com.pl\/psp\/przydatne-informacje\/dokumentacja\/","url":"https:\/\/naszaszkola.com.pl\/psp\/przydatne-informacje\/dokumentacja\/","name":"Dokumentacja - Nasza Szko\u0142a","isPartOf":{"@id":"https:\/\/naszaszkola.com.pl\/psp\/#website"},"datePublished":"2024-08-19T10:23:30+00:00","dateModified":"2024-10-01T09:48:53+00:00","breadcrumb":{"@id":"https:\/\/naszaszkola.com.pl\/psp\/przydatne-informacje\/dokumentacja\/#breadcrumb"},"inLanguage":"pl-PL","potentialAction":[{"@type":"ReadAction","target":["https:\/\/naszaszkola.com.pl\/psp\/przydatne-informacje\/dokumentacja\/"]}]},{"@type":"BreadcrumbList","@id":"https:\/\/naszaszkola.com.pl\/psp\/przydatne-informacje\/dokumentacja\/#breadcrumb","itemListElement":[{"@type":"ListItem","position":1,"name":"Strona g\u0142\u00f3wna","item":"https:\/\/naszaszkola.com.pl\/psp\/"},{"@type":"ListItem","position":2,"name":"Przydatne informacje","item":"https:\/\/naszaszkola.com.pl\/psp\/przydatne-informacje\/"},{"@type":"ListItem","position":3,"name":"Dokumentacja"}]},{"@type":"WebSite","@id":"https:\/\/naszaszkola.com.pl\/psp\/#website","url":"https:\/\/naszaszkola.com.pl\/psp\/","name":"Nasza Szko\u0142a","description":"Nasza Szko\u0142a","potentialAction":[{"@type":"SearchAction","target":{"@type":"EntryPoint","urlTemplate":"https:\/\/naszaszkola.com.pl\/psp\/?s={search_term_string}"},"query-input":"required name=search_term_string"}],"inLanguage":"pl-PL"}]}},"_links":{"self":[{"href":"https:\/\/naszaszkola.com.pl\/psp\/wp-json\/wp\/v2\/pages\/421","targetHints":{"allow":["GET"]}}],"collection":[{"href":"https:\/\/naszaszkola.com.pl\/psp\/wp-json\/wp\/v2\/pages"}],"about":[{"href":"https:\/\/naszaszkola.com.pl\/psp\/wp-json\/wp\/v2\/types\/page"}],"author":[{"embeddable":true,"href":"https:\/\/naszaszkola.com.pl\/psp\/wp-json\/wp\/v2\/users\/1"}],"replies":[{"embeddable":true,"href":"https:\/\/naszaszkola.com.pl\/psp\/wp-json\/wp\/v2\/comments?post=421"}],"version-history":[{"count":8,"href":"https:\/\/naszaszkola.com.pl\/psp\/wp-json\/wp\/v2\/pages\/421\/revisions"}],"predecessor-version":[{"id":715,"href":"https:\/\/naszaszkola.com.pl\/psp\/wp-json\/wp\/v2\/pages\/421\/revisions\/715"}],"up":[{"embeddable":true,"href":"https:\/\/naszaszkola.com.pl\/psp\/wp-json\/wp\/v2\/pages\/378"}],"wp:attachment":[{"href":"https:\/\/naszaszkola.com.pl\/psp\/wp-json\/wp\/v2\/media?parent=421"}],"curies":[{"name":"wp","href":"https:\/\/api.w.org\/{rel}","templated":true}]}}