{"id":426,"date":"2024-08-19T10:23:53","date_gmt":"2024-08-19T10:23:53","guid":{"rendered":"https:\/\/naszaszkola.com.pl\/psp\/dla-dziecka\/egzaminy-copy\/"},"modified":"2024-08-19T10:29:23","modified_gmt":"2024-08-19T10:29:23","slug":"przechowywanie-danych","status":"publish","type":"page","link":"https:\/\/naszaszkola.com.pl\/psp\/przydatne-informacje\/przechowywanie-danych\/","title":{"rendered":"Przechowywanie danych"},"content":{"rendered":"\t\t<div data-elementor-type=\"wp-page\" data-elementor-id=\"426\" class=\"elementor elementor-426\" data-elementor-post-type=\"page\">\n\t\t\t\t<div class=\"elementor-element elementor-element-1533447 e-con-full e-flex e-con e-parent\" data-id=\"1533447\" data-element_type=\"container\" data-e-type=\"container\">\n\t\t\t\t<div class=\"elementor-element elementor-element-55f26f7 elementor-widget elementor-widget-text-editor\" data-id=\"55f26f7\" data-element_type=\"widget\" data-e-type=\"widget\" data-widget_type=\"text-editor.default\">\n\t\t\t\t<div class=\"elementor-widget-container\">\n\t\t\t\t\t\t\t\t\t<p>Klauzula informacyjna (RODO)<br \/>KLAUZULA INFORMACYJNA O PRZETWARZANIU DANYCH OSOBOWYCH<\/p><p>Zgodnie z art. 13 i 14 rozporz\u0105dzenia Parlamentu Europejskiego i Rady (UE) 2016\/679 z dnia 27 kwietnia 2016 r. w sprawie ochrony os\u00f3b kontaktowych w zwi\u0105zku z korzystaniem z danych osobowych, w ramach kontroli dost\u0119pu takich danych oraz uchylenia dyrektywy 95\/46\/WE (og\u00f3lnego rozporz\u0105dzenia o ochronie danych), dalej RODO, zasady stosowania zasad pa\u0144stwa danych osobowych oraz o zasadach korzystania z praw z tym z.<\/p><p>Administrator danych osobowych<\/p><p>Administratorem danych osobowych jest Akademia Sukcesu Nasza Szko\u0142a Prywatna Szko\u0142a Podstawowa nr 8 w Marii Konopnickiej z siedzib\u0105 w Bia\u0142ymstoku, przy ul. ks. Abp. E. Kisiela 8, reprezentowana przez Dyrektora Szko\u0142y.<\/p><p>Inspektor ochrony danych<\/p><p>Administrator wskaza\u0142 inspektora ochrony danych, z kt\u00f3rym mo\u017cna si\u0119 skontaktowa\u0107 na adres e-mail: sekretariat@naszaszkola.com.pl lub pisemnie na adres g\u0142\u00f3wnych szk\u00f3\u0142.<\/p><p>Cel przetwarzania danych osobowych oraz podstawa prawna przetwarzania<\/p><p>Pa\u0144stwa dane osobowe przetwarzane na podstawie:<\/p><p>&#8211; sztuka. 6 ust. 1 lit. c oraz lit. e RODO w celu realizacji zada\u0144 statutowych szk\u00f3\u0142 usuni\u0119tych z ustawy z dnia 14 grudnia 2016 r. Prawo o\u015bwiatowe (Dz. U. z 2018 r., poz. 996 ze zm.);<br \/>&#8211; sztuka. 6 ust. 1 lit. bw celu realizacji umowy i zwi\u0105zanej z ni\u0105;<br \/>&#8211; sztuka. 6 ust. 1 lit. a \u2013 na podstawie wyra\u017conej zgody na przetwarzanie danych osobowych.<br \/>Po realizacji ww. Cel Administrator b\u0119dzie przetwarzany w danych archiwalnych.<\/p><p>Odbiorca danych osobowych<\/p><p>Dane osobowe b\u0119d\u0105 podmiotem przetwarzaj\u0105cym je na administratora, z siedzib\u0105 w szkole podstawowej, kt\u00f3ra b\u0119dzie przekazywa\u0107 dane osobowe np. Podmiot prowadz\u0105cy dziennik elektroniczny, podmiot prowadz\u0105cy dzia\u0142alno\u015b\u0107 administracyjn\u0105, organizacyjn\u0105 i organizacyjn\u0105 oraz instytucje, kt\u00f3re s\u0105 uprawnione do ich wyst\u0105pienia na podstawie zastrze\u017ce\u0144 praw (np.: organom administracji) i innego podmiotu, w zakresie, w kt\u00f3rym s\u0105 one uprawnione do ich otrzymania na podstawie przepis\u00f3w prawa .<\/p><p>Okres przechowywania danych osobowych<\/p><p>Pa\u0144stwo dane osobowe b\u0119dzie przez okres obowi\u0105zywania przepis\u00f3w ustawy z dnia 14 lipca 1983 roku o pa\u0144stwie cz\u0142onkowskim zasobie archiwalnym i archiwach (Dz.U. z 2018 r., poz. 217 ze zm.) i licencjonowanych urz\u0105dze\u0144 do ustawy.<\/p><p>Prawa os\u00f3b, kt\u00f3rych dane dotycz\u0105<\/p><p>Osoby, kt\u00f3re wed\u0142ug danych maj\u0105 prawo do:<br \/>a) dost\u0119pu do swoich danych osobowych,<br \/>b) wy\u0142\u0105czenie sprostowania danych, kt\u00f3re s\u0105 wy\u0142\u0105czone,<br \/>c) usuni\u0119cia danych, gdy:<\/p><p>dane nie s\u0105 ju\u017c potrzebne do cel\u00f3w, dla kt\u00f3rych zosta\u0142y zebrane,<br \/>osoba, kt\u00f3rej dane dotycz\u0105, cofn\u0119\u0142a si\u0119 i nie ma innej podstawy leczniczej,<br \/>osoba, kt\u00f3rej dane dotycz\u0105, wnosi sprzeciw wobec traktowania i nie ma innych podstaw do przetwarzania danych osobowych,<br \/>dane administracyjne s\u0105 niezgodne z prawem.<br \/>d) rozwi\u0105zanie rozwi\u0105zania, gdy:<\/p><p>osoba ta powinna upewni\u0107 si\u0119, \u017ce dane s\u0105 prawid\u0142owe,<br \/>jest niezgodne z prawem, a osoba sprzeciwia si\u0119 udost\u0119pnianiu danych,<br \/>Administrator nie potrzebuje ju\u017c danych osobowych do cel\u00f3w stosowania, ale s\u0105 one potrzebne, kt\u00f3rych dane dotycz\u0105, do stosowania, dochodzenia lub stosowania.<br \/>e) Przenoszenie danych, gdy:<\/p><p>mo\u017cliwo\u015b\u0107 wyst\u0105pienia na podstawie zgody lub jest niezb\u0119dna do wykonania umowy,<br \/>odbywanie si\u0119 w spos\u00f3b zautomatyzowany.<br \/>f) podniesienie sprzeciwu wobec traktowania, gdy:<\/p><p>wyst\u0105pienie nast\u0119puje na podstawie art. 6 ust. 1 lit. RODO.<br \/>g) wniesienia skarg do Prezesa Urz\u0119du Ochrony Danych Osobowych, gdy uznaj\u0105 Pa\u0144stwo, \u017ce otrzymali przez Administratora dane osobowe podlegaj\u0105ce przepisom RODO.<\/p><p>h) wy\u0142\u0105czenie wyst\u0105pienia na podstawie wyra\u017conej zgody na pa\u0144stwo, prawo do cofni\u0119cia zgody w momencie, bez wp\u0142ywu na zgodno\u015b\u0107 z prawem, kt\u00f3rego dokonano przed cofni\u0119ciem zgody.<\/p><p>\u00a0<\/p><p>Wym\u00f3g podaje dane osobowe<\/p><p>Podanie przez Pa\u0144stwo danych osobowych jest:<\/p><p>wykonanie przez Administratora wymaganego z obowi\u0105zkiem. W sytuacji, gdy nie zostanie przes\u0142ane pa\u0144stwo danych, realizacja zada\u0144 nie b\u0119dzie dost\u0119pna.<br \/>dotrzymanie realizacji umowy. Konsekwencja niepodania danych osobowych b\u0119dzie niemo\u017cno\u015bci\u0105 wykonania lub realizacji umowy i dotyczy jej.<br \/>konieczne, ale konieczne do realizacji spraw w szkole.<br \/>Informacje o zautomatyzowanym rozwi\u0105zaniu, w tym profilowaniu<\/p><p>Podane przez pa\u0144stwo dane nie b\u0119d\u0105 przetwarzane w spos\u00f3b zautomatyzowany, w tym nie b\u0119dzie wobec nich profilowania.\u00a0<\/p>\t\t\t\t\t\t\t\t<\/div>\n\t\t\t\t<\/div>\n\t\t\t\t<\/div>\n\t\t\t\t<\/div>\n\t\t","protected":false},"excerpt":{"rendered":"<p>Klauzula informacyjna (RODO)KLAUZULA INFORMACYJNA O PRZETWARZANIU DANYCH OSOBOWYCH Zgodnie z art. 13 i 14 rozporz\u0105dzenia Parlamentu Europejskiego i Rady (UE) 2016\/679 z dnia 27 kwietnia 2016 r. w sprawie ochrony os\u00f3b kontaktowych w zwi\u0105zku z korzystaniem z danych osobowych, w ramach kontroli dost\u0119pu takich danych oraz uchylenia dyrektywy 95\/46\/WE (og\u00f3lnego rozporz\u0105dzenia o ochronie danych), dalej [&hellip;]<\/p>\n","protected":false},"author":1,"featured_media":0,"parent":378,"menu_order":0,"comment_status":"closed","ping_status":"closed","template":"","meta":{"_acf_changed":false,"footnotes":""},"class_list":["post-426","page","type-page","status-publish","hentry"],"acf":[],"yoast_head":"<!-- This site is optimized with the Yoast SEO plugin v23.2 - https:\/\/yoast.com\/wordpress\/plugins\/seo\/ -->\n<title>Przechowywanie danych - Nasza Szko\u0142a<\/title>\n<meta name=\"robots\" content=\"index, follow, max-snippet:-1, max-image-preview:large, max-video-preview:-1\" \/>\n<link rel=\"canonical\" href=\"https:\/\/naszaszkola.com.pl\/psp\/przydatne-informacje\/przechowywanie-danych\/\" \/>\n<meta property=\"og:locale\" content=\"pl_PL\" \/>\n<meta property=\"og:type\" content=\"article\" \/>\n<meta property=\"og:title\" content=\"Przechowywanie danych - Nasza Szko\u0142a\" \/>\n<meta property=\"og:description\" content=\"Klauzula informacyjna (RODO)KLAUZULA INFORMACYJNA O PRZETWARZANIU DANYCH OSOBOWYCH Zgodnie z art. 13 i 14 rozporz\u0105dzenia Parlamentu Europejskiego i Rady (UE) 2016\/679 z dnia 27 kwietnia 2016 r. w sprawie ochrony os\u00f3b kontaktowych w zwi\u0105zku z korzystaniem z danych osobowych, w ramach kontroli dost\u0119pu takich danych oraz uchylenia dyrektywy 95\/46\/WE (og\u00f3lnego rozporz\u0105dzenia o ochronie danych), dalej [&hellip;]\" \/>\n<meta property=\"og:url\" content=\"https:\/\/naszaszkola.com.pl\/psp\/przydatne-informacje\/przechowywanie-danych\/\" \/>\n<meta property=\"og:site_name\" content=\"Nasza Szko\u0142a\" \/>\n<meta property=\"article:modified_time\" content=\"2024-08-19T10:29:23+00:00\" \/>\n<meta name=\"twitter:card\" content=\"summary_large_image\" \/>\n<meta name=\"twitter:label1\" content=\"Szacowany czas czytania\" \/>\n\t<meta name=\"twitter:data1\" content=\"4 minuty\" \/>\n<script type=\"application\/ld+json\" class=\"yoast-schema-graph\">{\"@context\":\"https:\/\/schema.org\",\"@graph\":[{\"@type\":\"WebPage\",\"@id\":\"https:\/\/naszaszkola.com.pl\/psp\/przydatne-informacje\/przechowywanie-danych\/\",\"url\":\"https:\/\/naszaszkola.com.pl\/psp\/przydatne-informacje\/przechowywanie-danych\/\",\"name\":\"Przechowywanie danych - Nasza Szko\u0142a\",\"isPartOf\":{\"@id\":\"https:\/\/naszaszkola.com.pl\/psp\/#website\"},\"datePublished\":\"2024-08-19T10:23:53+00:00\",\"dateModified\":\"2024-08-19T10:29:23+00:00\",\"breadcrumb\":{\"@id\":\"https:\/\/naszaszkola.com.pl\/psp\/przydatne-informacje\/przechowywanie-danych\/#breadcrumb\"},\"inLanguage\":\"pl-PL\",\"potentialAction\":[{\"@type\":\"ReadAction\",\"target\":[\"https:\/\/naszaszkola.com.pl\/psp\/przydatne-informacje\/przechowywanie-danych\/\"]}]},{\"@type\":\"BreadcrumbList\",\"@id\":\"https:\/\/naszaszkola.com.pl\/psp\/przydatne-informacje\/przechowywanie-danych\/#breadcrumb\",\"itemListElement\":[{\"@type\":\"ListItem\",\"position\":1,\"name\":\"Strona g\u0142\u00f3wna\",\"item\":\"https:\/\/naszaszkola.com.pl\/psp\/\"},{\"@type\":\"ListItem\",\"position\":2,\"name\":\"Przydatne informacje\",\"item\":\"https:\/\/naszaszkola.com.pl\/psp\/przydatne-informacje\/\"},{\"@type\":\"ListItem\",\"position\":3,\"name\":\"Przechowywanie danych\"}]},{\"@type\":\"WebSite\",\"@id\":\"https:\/\/naszaszkola.com.pl\/psp\/#website\",\"url\":\"https:\/\/naszaszkola.com.pl\/psp\/\",\"name\":\"Nasza Szko\u0142a\",\"description\":\"Nasza Szko\u0142a\",\"potentialAction\":[{\"@type\":\"SearchAction\",\"target\":{\"@type\":\"EntryPoint\",\"urlTemplate\":\"https:\/\/naszaszkola.com.pl\/psp\/?s={search_term_string}\"},\"query-input\":\"required name=search_term_string\"}],\"inLanguage\":\"pl-PL\"}]}<\/script>\n<!-- \/ Yoast SEO plugin. -->","yoast_head_json":{"title":"Przechowywanie danych - Nasza Szko\u0142a","robots":{"index":"index","follow":"follow","max-snippet":"max-snippet:-1","max-image-preview":"max-image-preview:large","max-video-preview":"max-video-preview:-1"},"canonical":"https:\/\/naszaszkola.com.pl\/psp\/przydatne-informacje\/przechowywanie-danych\/","og_locale":"pl_PL","og_type":"article","og_title":"Przechowywanie danych - Nasza Szko\u0142a","og_description":"Klauzula informacyjna (RODO)KLAUZULA INFORMACYJNA O PRZETWARZANIU DANYCH OSOBOWYCH Zgodnie z art. 13 i 14 rozporz\u0105dzenia Parlamentu Europejskiego i Rady (UE) 2016\/679 z dnia 27 kwietnia 2016 r. w sprawie ochrony os\u00f3b kontaktowych w zwi\u0105zku z korzystaniem z danych osobowych, w ramach kontroli dost\u0119pu takich danych oraz uchylenia dyrektywy 95\/46\/WE (og\u00f3lnego rozporz\u0105dzenia o ochronie danych), dalej [&hellip;]","og_url":"https:\/\/naszaszkola.com.pl\/psp\/przydatne-informacje\/przechowywanie-danych\/","og_site_name":"Nasza Szko\u0142a","article_modified_time":"2024-08-19T10:29:23+00:00","twitter_card":"summary_large_image","twitter_misc":{"Szacowany czas czytania":"4 minuty"},"schema":{"@context":"https:\/\/schema.org","@graph":[{"@type":"WebPage","@id":"https:\/\/naszaszkola.com.pl\/psp\/przydatne-informacje\/przechowywanie-danych\/","url":"https:\/\/naszaszkola.com.pl\/psp\/przydatne-informacje\/przechowywanie-danych\/","name":"Przechowywanie danych - Nasza Szko\u0142a","isPartOf":{"@id":"https:\/\/naszaszkola.com.pl\/psp\/#website"},"datePublished":"2024-08-19T10:23:53+00:00","dateModified":"2024-08-19T10:29:23+00:00","breadcrumb":{"@id":"https:\/\/naszaszkola.com.pl\/psp\/przydatne-informacje\/przechowywanie-danych\/#breadcrumb"},"inLanguage":"pl-PL","potentialAction":[{"@type":"ReadAction","target":["https:\/\/naszaszkola.com.pl\/psp\/przydatne-informacje\/przechowywanie-danych\/"]}]},{"@type":"BreadcrumbList","@id":"https:\/\/naszaszkola.com.pl\/psp\/przydatne-informacje\/przechowywanie-danych\/#breadcrumb","itemListElement":[{"@type":"ListItem","position":1,"name":"Strona g\u0142\u00f3wna","item":"https:\/\/naszaszkola.com.pl\/psp\/"},{"@type":"ListItem","position":2,"name":"Przydatne informacje","item":"https:\/\/naszaszkola.com.pl\/psp\/przydatne-informacje\/"},{"@type":"ListItem","position":3,"name":"Przechowywanie danych"}]},{"@type":"WebSite","@id":"https:\/\/naszaszkola.com.pl\/psp\/#website","url":"https:\/\/naszaszkola.com.pl\/psp\/","name":"Nasza Szko\u0142a","description":"Nasza Szko\u0142a","potentialAction":[{"@type":"SearchAction","target":{"@type":"EntryPoint","urlTemplate":"https:\/\/naszaszkola.com.pl\/psp\/?s={search_term_string}"},"query-input":"required name=search_term_string"}],"inLanguage":"pl-PL"}]}},"_links":{"self":[{"href":"https:\/\/naszaszkola.com.pl\/psp\/wp-json\/wp\/v2\/pages\/426","targetHints":{"allow":["GET"]}}],"collection":[{"href":"https:\/\/naszaszkola.com.pl\/psp\/wp-json\/wp\/v2\/pages"}],"about":[{"href":"https:\/\/naszaszkola.com.pl\/psp\/wp-json\/wp\/v2\/types\/page"}],"author":[{"embeddable":true,"href":"https:\/\/naszaszkola.com.pl\/psp\/wp-json\/wp\/v2\/users\/1"}],"replies":[{"embeddable":true,"href":"https:\/\/naszaszkola.com.pl\/psp\/wp-json\/wp\/v2\/comments?post=426"}],"version-history":[{"count":7,"href":"https:\/\/naszaszkola.com.pl\/psp\/wp-json\/wp\/v2\/pages\/426\/revisions"}],"predecessor-version":[{"id":448,"href":"https:\/\/naszaszkola.com.pl\/psp\/wp-json\/wp\/v2\/pages\/426\/revisions\/448"}],"up":[{"embeddable":true,"href":"https:\/\/naszaszkola.com.pl\/psp\/wp-json\/wp\/v2\/pages\/378"}],"wp:attachment":[{"href":"https:\/\/naszaszkola.com.pl\/psp\/wp-json\/wp\/v2\/media?parent=426"}],"curies":[{"name":"wp","href":"https:\/\/api.w.org\/{rel}","templated":true}]}}