{"id":473,"date":"2024-08-19T10:45:08","date_gmt":"2024-08-19T10:45:08","guid":{"rendered":"https:\/\/naszaszkola.com.pl\/psp\/o-szkole-copy\/"},"modified":"2024-10-01T09:45:29","modified_gmt":"2024-10-01T09:45:29","slug":"dzwonki","status":"publish","type":"page","link":"https:\/\/naszaszkola.com.pl\/psp\/przydatne-informacje\/dzwonki\/","title":{"rendered":"Dzwonki"},"content":{"rendered":"\t\t<div data-elementor-type=\"wp-page\" data-elementor-id=\"473\" class=\"elementor elementor-473\" data-elementor-post-type=\"page\">\n\t\t\t\t<div class=\"elementor-element elementor-element-1533447 e-con-full e-flex e-con e-parent\" data-id=\"1533447\" data-element_type=\"container\" data-e-type=\"container\">\n\t\t\t\t<div class=\"elementor-element elementor-element-55f26f7 elementor-widget elementor-widget-text-editor\" data-id=\"55f26f7\" data-element_type=\"widget\" data-e-type=\"widget\" data-widget_type=\"text-editor.default\">\n\t\t\t\t<div class=\"elementor-widget-container\">\n\t\t\t\t\t\t\t\t\t<p>Oto lista dzwonk\u00f3w szkolnych \u2013 sprawd\u017a godziny przerw i lekcji, aby by\u0107 na bie\u017c\u0105co z planem dnia:<br \/>8.15-9.00<br \/>9.10-9.55<br \/>10.05-10.50<br \/>11.00-11.45<br \/>12.05-12.50<br \/>13.05-13.50<br \/>14.00-14.45<br \/>14.55-15.40<\/p>\t\t\t\t\t\t\t\t<\/div>\n\t\t\t\t<\/div>\n\t\t\t\t<\/div>\n\t\t\t\t<\/div>\n\t\t","protected":false},"excerpt":{"rendered":"<p>Oto lista dzwonk\u00f3w szkolnych \u2013 sprawd\u017a godziny przerw i lekcji, aby by\u0107 na bie\u017c\u0105co z planem dnia:8.15-9.009.10-9.5510.05-10.5011.00-11.4512.05-12.5013.05-13.5014.00-14.4514.55-15.40<\/p>\n","protected":false},"author":1,"featured_media":0,"parent":378,"menu_order":0,"comment_status":"closed","ping_status":"closed","template":"","meta":{"_acf_changed":false,"footnotes":""},"class_list":["post-473","page","type-page","status-publish","hentry"],"acf":[],"yoast_head":"<!-- This site is optimized with the Yoast SEO plugin v23.2 - https:\/\/yoast.com\/wordpress\/plugins\/seo\/ -->\n<title>Dzwonki - Nasza Szko\u0142a<\/title>\n<meta name=\"robots\" content=\"index, follow, max-snippet:-1, max-image-preview:large, max-video-preview:-1\" \/>\n<link rel=\"canonical\" href=\"https:\/\/naszaszkola.com.pl\/psp\/przydatne-informacje\/dzwonki\/\" \/>\n<meta property=\"og:locale\" content=\"pl_PL\" \/>\n<meta property=\"og:type\" content=\"article\" \/>\n<meta property=\"og:title\" content=\"Dzwonki - Nasza Szko\u0142a\" \/>\n<meta property=\"og:description\" content=\"Oto lista dzwonk\u00f3w szkolnych \u2013 sprawd\u017a godziny przerw i lekcji, aby by\u0107 na bie\u017c\u0105co z planem dnia:8.15-9.009.10-9.5510.05-10.5011.00-11.4512.05-12.5013.05-13.5014.00-14.4514.55-15.40\" \/>\n<meta property=\"og:url\" content=\"https:\/\/naszaszkola.com.pl\/psp\/przydatne-informacje\/dzwonki\/\" \/>\n<meta property=\"og:site_name\" content=\"Nasza Szko\u0142a\" \/>\n<meta property=\"article:modified_time\" content=\"2024-10-01T09:45:29+00:00\" \/>\n<meta name=\"twitter:card\" content=\"summary_large_image\" \/>\n<meta name=\"twitter:label1\" content=\"Szacowany czas czytania\" \/>\n\t<meta name=\"twitter:data1\" content=\"1 minuta\" \/>\n<script type=\"application\/ld+json\" class=\"yoast-schema-graph\">{\"@context\":\"https:\/\/schema.org\",\"@graph\":[{\"@type\":\"WebPage\",\"@id\":\"https:\/\/naszaszkola.com.pl\/psp\/przydatne-informacje\/dzwonki\/\",\"url\":\"https:\/\/naszaszkola.com.pl\/psp\/przydatne-informacje\/dzwonki\/\",\"name\":\"Dzwonki - Nasza Szko\u0142a\",\"isPartOf\":{\"@id\":\"https:\/\/naszaszkola.com.pl\/psp\/#website\"},\"datePublished\":\"2024-08-19T10:45:08+00:00\",\"dateModified\":\"2024-10-01T09:45:29+00:00\",\"breadcrumb\":{\"@id\":\"https:\/\/naszaszkola.com.pl\/psp\/przydatne-informacje\/dzwonki\/#breadcrumb\"},\"inLanguage\":\"pl-PL\",\"potentialAction\":[{\"@type\":\"ReadAction\",\"target\":[\"https:\/\/naszaszkola.com.pl\/psp\/przydatne-informacje\/dzwonki\/\"]}]},{\"@type\":\"BreadcrumbList\",\"@id\":\"https:\/\/naszaszkola.com.pl\/psp\/przydatne-informacje\/dzwonki\/#breadcrumb\",\"itemListElement\":[{\"@type\":\"ListItem\",\"position\":1,\"name\":\"Strona g\u0142\u00f3wna\",\"item\":\"https:\/\/naszaszkola.com.pl\/psp\/\"},{\"@type\":\"ListItem\",\"position\":2,\"name\":\"Przydatne informacje\",\"item\":\"https:\/\/naszaszkola.com.pl\/psp\/przydatne-informacje\/\"},{\"@type\":\"ListItem\",\"position\":3,\"name\":\"Dzwonki\"}]},{\"@type\":\"WebSite\",\"@id\":\"https:\/\/naszaszkola.com.pl\/psp\/#website\",\"url\":\"https:\/\/naszaszkola.com.pl\/psp\/\",\"name\":\"Nasza Szko\u0142a\",\"description\":\"Nasza Szko\u0142a\",\"potentialAction\":[{\"@type\":\"SearchAction\",\"target\":{\"@type\":\"EntryPoint\",\"urlTemplate\":\"https:\/\/naszaszkola.com.pl\/psp\/?s={search_term_string}\"},\"query-input\":\"required name=search_term_string\"}],\"inLanguage\":\"pl-PL\"}]}<\/script>\n<!-- \/ Yoast SEO plugin. -->","yoast_head_json":{"title":"Dzwonki - Nasza Szko\u0142a","robots":{"index":"index","follow":"follow","max-snippet":"max-snippet:-1","max-image-preview":"max-image-preview:large","max-video-preview":"max-video-preview:-1"},"canonical":"https:\/\/naszaszkola.com.pl\/psp\/przydatne-informacje\/dzwonki\/","og_locale":"pl_PL","og_type":"article","og_title":"Dzwonki - Nasza Szko\u0142a","og_description":"Oto lista dzwonk\u00f3w szkolnych \u2013 sprawd\u017a godziny przerw i lekcji, aby by\u0107 na bie\u017c\u0105co z planem dnia:8.15-9.009.10-9.5510.05-10.5011.00-11.4512.05-12.5013.05-13.5014.00-14.4514.55-15.40","og_url":"https:\/\/naszaszkola.com.pl\/psp\/przydatne-informacje\/dzwonki\/","og_site_name":"Nasza Szko\u0142a","article_modified_time":"2024-10-01T09:45:29+00:00","twitter_card":"summary_large_image","twitter_misc":{"Szacowany czas czytania":"1 minuta"},"schema":{"@context":"https:\/\/schema.org","@graph":[{"@type":"WebPage","@id":"https:\/\/naszaszkola.com.pl\/psp\/przydatne-informacje\/dzwonki\/","url":"https:\/\/naszaszkola.com.pl\/psp\/przydatne-informacje\/dzwonki\/","name":"Dzwonki - Nasza Szko\u0142a","isPartOf":{"@id":"https:\/\/naszaszkola.com.pl\/psp\/#website"},"datePublished":"2024-08-19T10:45:08+00:00","dateModified":"2024-10-01T09:45:29+00:00","breadcrumb":{"@id":"https:\/\/naszaszkola.com.pl\/psp\/przydatne-informacje\/dzwonki\/#breadcrumb"},"inLanguage":"pl-PL","potentialAction":[{"@type":"ReadAction","target":["https:\/\/naszaszkola.com.pl\/psp\/przydatne-informacje\/dzwonki\/"]}]},{"@type":"BreadcrumbList","@id":"https:\/\/naszaszkola.com.pl\/psp\/przydatne-informacje\/dzwonki\/#breadcrumb","itemListElement":[{"@type":"ListItem","position":1,"name":"Strona g\u0142\u00f3wna","item":"https:\/\/naszaszkola.com.pl\/psp\/"},{"@type":"ListItem","position":2,"name":"Przydatne informacje","item":"https:\/\/naszaszkola.com.pl\/psp\/przydatne-informacje\/"},{"@type":"ListItem","position":3,"name":"Dzwonki"}]},{"@type":"WebSite","@id":"https:\/\/naszaszkola.com.pl\/psp\/#website","url":"https:\/\/naszaszkola.com.pl\/psp\/","name":"Nasza Szko\u0142a","description":"Nasza Szko\u0142a","potentialAction":[{"@type":"SearchAction","target":{"@type":"EntryPoint","urlTemplate":"https:\/\/naszaszkola.com.pl\/psp\/?s={search_term_string}"},"query-input":"required name=search_term_string"}],"inLanguage":"pl-PL"}]}},"_links":{"self":[{"href":"https:\/\/naszaszkola.com.pl\/psp\/wp-json\/wp\/v2\/pages\/473","targetHints":{"allow":["GET"]}}],"collection":[{"href":"https:\/\/naszaszkola.com.pl\/psp\/wp-json\/wp\/v2\/pages"}],"about":[{"href":"https:\/\/naszaszkola.com.pl\/psp\/wp-json\/wp\/v2\/types\/page"}],"author":[{"embeddable":true,"href":"https:\/\/naszaszkola.com.pl\/psp\/wp-json\/wp\/v2\/users\/1"}],"replies":[{"embeddable":true,"href":"https:\/\/naszaszkola.com.pl\/psp\/wp-json\/wp\/v2\/comments?post=473"}],"version-history":[{"count":4,"href":"https:\/\/naszaszkola.com.pl\/psp\/wp-json\/wp\/v2\/pages\/473\/revisions"}],"predecessor-version":[{"id":542,"href":"https:\/\/naszaszkola.com.pl\/psp\/wp-json\/wp\/v2\/pages\/473\/revisions\/542"}],"up":[{"embeddable":true,"href":"https:\/\/naszaszkola.com.pl\/psp\/wp-json\/wp\/v2\/pages\/378"}],"wp:attachment":[{"href":"https:\/\/naszaszkola.com.pl\/psp\/wp-json\/wp\/v2\/media?parent=473"}],"curies":[{"name":"wp","href":"https:\/\/api.w.org\/{rel}","templated":true}]}}