{"id":648,"date":"2024-10-01T09:18:57","date_gmt":"2024-10-01T09:18:57","guid":{"rendered":"https:\/\/naszaszkola.com.pl\/psp\/nauka\/zajecia-dodatkowe-2-copy\/"},"modified":"2024-12-10T14:35:48","modified_gmt":"2024-12-10T14:35:48","slug":"jezyki-obce","status":"publish","type":"page","link":"https:\/\/naszaszkola.com.pl\/psp\/nauka\/jezyki-obce\/","title":{"rendered":"J\u0119zyki obce"},"content":{"rendered":"\t\t<div data-elementor-type=\"wp-page\" data-elementor-id=\"648\" class=\"elementor elementor-648\" data-elementor-post-type=\"page\">\n\t\t\t\t<div class=\"elementor-element elementor-element-1533447 e-con-full e-flex e-con e-parent\" data-id=\"1533447\" data-element_type=\"container\" data-e-type=\"container\">\n\t\t\t\t<div class=\"elementor-element elementor-element-55f26f7 elementor-widget elementor-widget-text-editor\" data-id=\"55f26f7\" data-element_type=\"widget\" data-e-type=\"widget\" data-widget_type=\"text-editor.default\">\n\t\t\t\t<div class=\"elementor-widget-container\">\n\t\t\t\t\t\t\t\t\t<p>W naszej szkole k\u0142adziemy du\u017cy nacisk na nauk\u0119 j\u0119zyk\u00f3w obcych. Oferujemy zaj\u0119cia z r\u00f3\u017cnych j\u0119zyk\u00f3w, prowadzonych przez wykwalifikowanych nauczycieli, kt\u00f3rzy pomagaj\u0105 uczniom rozwija\u0107 umiej\u0119tno\u015bci komunikacyjne i przygotowuj\u0105 ich do funkcjonowania w mi\u0119dzynarodowym \u015brodowisku.\u00a0<\/p>\t\t\t\t\t\t\t\t<\/div>\n\t\t\t\t<\/div>\n\t\t\t\t<div class=\"elementor-element elementor-element-9c43532 elementor-widget elementor-widget-gallery\" data-id=\"9c43532\" data-element_type=\"widget\" data-e-type=\"widget\" data-settings=\"{&quot;lazyload&quot;:&quot;yes&quot;,&quot;gallery_layout&quot;:&quot;grid&quot;,&quot;columns&quot;:4,&quot;columns_tablet&quot;:2,&quot;columns_mobile&quot;:1,&quot;gap&quot;:{&quot;unit&quot;:&quot;px&quot;,&quot;size&quot;:10,&quot;sizes&quot;:[]},&quot;gap_tablet&quot;:{&quot;unit&quot;:&quot;px&quot;,&quot;size&quot;:10,&quot;sizes&quot;:[]},&quot;gap_mobile&quot;:{&quot;unit&quot;:&quot;px&quot;,&quot;size&quot;:10,&quot;sizes&quot;:[]},&quot;link_to&quot;:&quot;file&quot;,&quot;aspect_ratio&quot;:&quot;3:2&quot;,&quot;overlay_background&quot;:&quot;yes&quot;,&quot;content_hover_animation&quot;:&quot;fade-in&quot;}\" data-widget_type=\"gallery.default\">\n\t\t\t\t<div class=\"elementor-widget-container\">\n\t\t\t\t\t\t\t<div class=\"elementor-gallery__container\">\n\t\t\t\t\t\t\t<a class=\"e-gallery-item elementor-gallery-item elementor-animated-content\" href=\"https:\/\/naszaszkola.com.pl\/psp\/wp-content\/uploads\/2024\/08\/schoolchildren-sitting-at-desks-and-looking-away-d-2023-11-27-05-30-48-utc.jpg\" data-elementor-open-lightbox=\"yes\" data-elementor-lightbox-slideshow=\"9c43532\" data-elementor-lightbox-title=\"schoolchildren sitting at desks and looking away during lesson in library\" data-e-action-hash=\"#elementor-action%3Aaction%3Dlightbox%26settings%3DeyJpZCI6MTcwLCJ1cmwiOiJodHRwczpcL1wvbmFzemFzemtvbGEuY29tLnBsXC9wc3BcL3dwLWNvbnRlbnRcL3VwbG9hZHNcLzIwMjRcLzA4XC9zY2hvb2xjaGlsZHJlbi1zaXR0aW5nLWF0LWRlc2tzLWFuZC1sb29raW5nLWF3YXktZC0yMDIzLTExLTI3LTA1LTMwLTQ4LXV0Yy5qcGciLCJzbGlkZXNob3ciOiI5YzQzNTMyIn0%3D\">\n\t\t\t\t\t<div class=\"e-gallery-image elementor-gallery-item__image\" data-thumbnail=\"https:\/\/naszaszkola.com.pl\/psp\/wp-content\/uploads\/2024\/08\/schoolchildren-sitting-at-desks-and-looking-away-d-2023-11-27-05-30-48-utc.jpg\" data-width=\"1800\" data-height=\"1201\" aria-label=\"\" role=\"img\" ><\/div>\n\t\t\t\t\t\t\t\t\t\t\t<div class=\"elementor-gallery-item__overlay\"><\/div>\n\t\t\t\t\t\t\t\t\t\t\t\t\t\t<\/a>\n\t\t\t\t\t<\/div>\n\t\t\t\t\t<\/div>\n\t\t\t\t<\/div>\n\t\t\t\t<\/div>\n\t\t\t\t<\/div>\n\t\t","protected":false},"excerpt":{"rendered":"<p>W naszej szkole k\u0142adziemy du\u017cy nacisk na nauk\u0119 j\u0119zyk\u00f3w obcych. Oferujemy zaj\u0119cia z r\u00f3\u017cnych j\u0119zyk\u00f3w, prowadzonych przez wykwalifikowanych nauczycieli, kt\u00f3rzy pomagaj\u0105 uczniom rozwija\u0107 umiej\u0119tno\u015bci komunikacyjne i przygotowuj\u0105 ich do funkcjonowania w mi\u0119dzynarodowym \u015brodowisku.\u00a0<\/p>\n","protected":false},"author":1,"featured_media":0,"parent":411,"menu_order":0,"comment_status":"closed","ping_status":"closed","template":"","meta":{"_acf_changed":false,"footnotes":""},"class_list":["post-648","page","type-page","status-publish","hentry"],"acf":[],"yoast_head":"<!-- This site is optimized with the Yoast SEO plugin v23.2 - https:\/\/yoast.com\/wordpress\/plugins\/seo\/ -->\n<title>J\u0119zyki obce - Nasza Szko\u0142a<\/title>\n<meta name=\"robots\" content=\"index, follow, max-snippet:-1, max-image-preview:large, max-video-preview:-1\" \/>\n<link rel=\"canonical\" href=\"https:\/\/naszaszkola.com.pl\/psp\/nauka\/jezyki-obce\/\" \/>\n<meta property=\"og:locale\" content=\"pl_PL\" \/>\n<meta property=\"og:type\" content=\"article\" \/>\n<meta property=\"og:title\" content=\"J\u0119zyki obce - Nasza Szko\u0142a\" \/>\n<meta property=\"og:description\" content=\"W naszej szkole k\u0142adziemy du\u017cy nacisk na nauk\u0119 j\u0119zyk\u00f3w obcych. Oferujemy zaj\u0119cia z r\u00f3\u017cnych j\u0119zyk\u00f3w, prowadzonych przez wykwalifikowanych nauczycieli, kt\u00f3rzy pomagaj\u0105 uczniom rozwija\u0107 umiej\u0119tno\u015bci komunikacyjne i przygotowuj\u0105 ich do funkcjonowania w mi\u0119dzynarodowym \u015brodowisku.\u00a0\" \/>\n<meta property=\"og:url\" content=\"https:\/\/naszaszkola.com.pl\/psp\/nauka\/jezyki-obce\/\" \/>\n<meta property=\"og:site_name\" content=\"Nasza Szko\u0142a\" \/>\n<meta property=\"article:modified_time\" content=\"2024-12-10T14:35:48+00:00\" \/>\n<meta name=\"twitter:card\" content=\"summary_large_image\" \/>\n<meta name=\"twitter:label1\" content=\"Szacowany czas czytania\" \/>\n\t<meta name=\"twitter:data1\" content=\"1 minuta\" \/>\n<script type=\"application\/ld+json\" class=\"yoast-schema-graph\">{\"@context\":\"https:\/\/schema.org\",\"@graph\":[{\"@type\":\"WebPage\",\"@id\":\"https:\/\/naszaszkola.com.pl\/psp\/nauka\/jezyki-obce\/\",\"url\":\"https:\/\/naszaszkola.com.pl\/psp\/nauka\/jezyki-obce\/\",\"name\":\"J\u0119zyki obce - Nasza Szko\u0142a\",\"isPartOf\":{\"@id\":\"https:\/\/naszaszkola.com.pl\/psp\/#website\"},\"datePublished\":\"2024-10-01T09:18:57+00:00\",\"dateModified\":\"2024-12-10T14:35:48+00:00\",\"breadcrumb\":{\"@id\":\"https:\/\/naszaszkola.com.pl\/psp\/nauka\/jezyki-obce\/#breadcrumb\"},\"inLanguage\":\"pl-PL\",\"potentialAction\":[{\"@type\":\"ReadAction\",\"target\":[\"https:\/\/naszaszkola.com.pl\/psp\/nauka\/jezyki-obce\/\"]}]},{\"@type\":\"BreadcrumbList\",\"@id\":\"https:\/\/naszaszkola.com.pl\/psp\/nauka\/jezyki-obce\/#breadcrumb\",\"itemListElement\":[{\"@type\":\"ListItem\",\"position\":1,\"name\":\"Strona g\u0142\u00f3wna\",\"item\":\"https:\/\/naszaszkola.com.pl\/psp\/\"},{\"@type\":\"ListItem\",\"position\":2,\"name\":\"Nauka\",\"item\":\"https:\/\/naszaszkola.com.pl\/psp\/nauka\/\"},{\"@type\":\"ListItem\",\"position\":3,\"name\":\"J\u0119zyki obce\"}]},{\"@type\":\"WebSite\",\"@id\":\"https:\/\/naszaszkola.com.pl\/psp\/#website\",\"url\":\"https:\/\/naszaszkola.com.pl\/psp\/\",\"name\":\"Nasza Szko\u0142a\",\"description\":\"Nasza Szko\u0142a\",\"potentialAction\":[{\"@type\":\"SearchAction\",\"target\":{\"@type\":\"EntryPoint\",\"urlTemplate\":\"https:\/\/naszaszkola.com.pl\/psp\/?s={search_term_string}\"},\"query-input\":\"required name=search_term_string\"}],\"inLanguage\":\"pl-PL\"}]}<\/script>\n<!-- \/ Yoast SEO plugin. -->","yoast_head_json":{"title":"J\u0119zyki obce - Nasza Szko\u0142a","robots":{"index":"index","follow":"follow","max-snippet":"max-snippet:-1","max-image-preview":"max-image-preview:large","max-video-preview":"max-video-preview:-1"},"canonical":"https:\/\/naszaszkola.com.pl\/psp\/nauka\/jezyki-obce\/","og_locale":"pl_PL","og_type":"article","og_title":"J\u0119zyki obce - Nasza Szko\u0142a","og_description":"W naszej szkole k\u0142adziemy du\u017cy nacisk na nauk\u0119 j\u0119zyk\u00f3w obcych. Oferujemy zaj\u0119cia z r\u00f3\u017cnych j\u0119zyk\u00f3w, prowadzonych przez wykwalifikowanych nauczycieli, kt\u00f3rzy pomagaj\u0105 uczniom rozwija\u0107 umiej\u0119tno\u015bci komunikacyjne i przygotowuj\u0105 ich do funkcjonowania w mi\u0119dzynarodowym \u015brodowisku.\u00a0","og_url":"https:\/\/naszaszkola.com.pl\/psp\/nauka\/jezyki-obce\/","og_site_name":"Nasza Szko\u0142a","article_modified_time":"2024-12-10T14:35:48+00:00","twitter_card":"summary_large_image","twitter_misc":{"Szacowany czas czytania":"1 minuta"},"schema":{"@context":"https:\/\/schema.org","@graph":[{"@type":"WebPage","@id":"https:\/\/naszaszkola.com.pl\/psp\/nauka\/jezyki-obce\/","url":"https:\/\/naszaszkola.com.pl\/psp\/nauka\/jezyki-obce\/","name":"J\u0119zyki obce - Nasza Szko\u0142a","isPartOf":{"@id":"https:\/\/naszaszkola.com.pl\/psp\/#website"},"datePublished":"2024-10-01T09:18:57+00:00","dateModified":"2024-12-10T14:35:48+00:00","breadcrumb":{"@id":"https:\/\/naszaszkola.com.pl\/psp\/nauka\/jezyki-obce\/#breadcrumb"},"inLanguage":"pl-PL","potentialAction":[{"@type":"ReadAction","target":["https:\/\/naszaszkola.com.pl\/psp\/nauka\/jezyki-obce\/"]}]},{"@type":"BreadcrumbList","@id":"https:\/\/naszaszkola.com.pl\/psp\/nauka\/jezyki-obce\/#breadcrumb","itemListElement":[{"@type":"ListItem","position":1,"name":"Strona g\u0142\u00f3wna","item":"https:\/\/naszaszkola.com.pl\/psp\/"},{"@type":"ListItem","position":2,"name":"Nauka","item":"https:\/\/naszaszkola.com.pl\/psp\/nauka\/"},{"@type":"ListItem","position":3,"name":"J\u0119zyki obce"}]},{"@type":"WebSite","@id":"https:\/\/naszaszkola.com.pl\/psp\/#website","url":"https:\/\/naszaszkola.com.pl\/psp\/","name":"Nasza Szko\u0142a","description":"Nasza Szko\u0142a","potentialAction":[{"@type":"SearchAction","target":{"@type":"EntryPoint","urlTemplate":"https:\/\/naszaszkola.com.pl\/psp\/?s={search_term_string}"},"query-input":"required name=search_term_string"}],"inLanguage":"pl-PL"}]}},"_links":{"self":[{"href":"https:\/\/naszaszkola.com.pl\/psp\/wp-json\/wp\/v2\/pages\/648","targetHints":{"allow":["GET"]}}],"collection":[{"href":"https:\/\/naszaszkola.com.pl\/psp\/wp-json\/wp\/v2\/pages"}],"about":[{"href":"https:\/\/naszaszkola.com.pl\/psp\/wp-json\/wp\/v2\/types\/page"}],"author":[{"embeddable":true,"href":"https:\/\/naszaszkola.com.pl\/psp\/wp-json\/wp\/v2\/users\/1"}],"replies":[{"embeddable":true,"href":"https:\/\/naszaszkola.com.pl\/psp\/wp-json\/wp\/v2\/comments?post=648"}],"version-history":[{"count":10,"href":"https:\/\/naszaszkola.com.pl\/psp\/wp-json\/wp\/v2\/pages\/648\/revisions"}],"predecessor-version":[{"id":872,"href":"https:\/\/naszaszkola.com.pl\/psp\/wp-json\/wp\/v2\/pages\/648\/revisions\/872"}],"up":[{"embeddable":true,"href":"https:\/\/naszaszkola.com.pl\/psp\/wp-json\/wp\/v2\/pages\/411"}],"wp:attachment":[{"href":"https:\/\/naszaszkola.com.pl\/psp\/wp-json\/wp\/v2\/media?parent=648"}],"curies":[{"name":"wp","href":"https:\/\/api.w.org\/{rel}","templated":true}]}}