{"id":723,"date":"2024-10-01T09:55:36","date_gmt":"2024-10-01T09:55:36","guid":{"rendered":"https:\/\/naszaszkola.com.pl\/psp\/?page_id=723"},"modified":"2024-10-01T10:03:12","modified_gmt":"2024-10-01T10:03:12","slug":"edukacja-domowa","status":"publish","type":"page","link":"https:\/\/naszaszkola.com.pl\/psp\/edukacja-domowa\/","title":{"rendered":"Edukacja domowa"},"content":{"rendered":"\t\t<div data-elementor-type=\"wp-page\" data-elementor-id=\"723\" class=\"elementor elementor-723\" data-elementor-post-type=\"page\">\n\t\t\t\t\t\t<section class=\"elementor-section elementor-top-section elementor-element elementor-element-75b0483 elementor-section-content-middle elementor-section-boxed elementor-section-height-default elementor-section-height-default\" data-id=\"75b0483\" data-element_type=\"section\" data-e-type=\"section\" data-settings=\"{&quot;background_background&quot;:&quot;classic&quot;}\">\n\t\t\t\t\t\t\t<div class=\"elementor-background-overlay\"><\/div>\n\t\t\t\t\t\t\t<div class=\"elementor-container elementor-column-gap-default\">\n\t\t\t\t\t<div class=\"elementor-column elementor-col-100 elementor-top-column elementor-element elementor-element-577ee6c\" data-id=\"577ee6c\" data-element_type=\"column\" data-e-type=\"column\">\n\t\t\t<div class=\"elementor-widget-wrap elementor-element-populated\">\n\t\t\t\t\t\t<div class=\"elementor-element elementor-element-a1562d0 elementor-invisible elementor-widget elementor-widget-heading\" data-id=\"a1562d0\" data-element_type=\"widget\" data-e-type=\"widget\" data-settings=\"{&quot;_animation&quot;:&quot;fadeInDown&quot;}\" data-widget_type=\"heading.default\">\n\t\t\t\t<div class=\"elementor-widget-container\">\n\t\t\t\t\t<h1 class=\"elementor-heading-title elementor-size-default\">Edukacja domowa<\/h1>\t\t\t\t<\/div>\n\t\t\t\t<\/div>\n\t\t\t\t<div class=\"elementor-element elementor-element-b2e9448 elementor-mobile-align-center elementor-invisible elementor-widget elementor-widget-breadcrumbs\" data-id=\"b2e9448\" data-element_type=\"widget\" data-e-type=\"widget\" data-settings=\"{&quot;_animation&quot;:&quot;fadeInDown&quot;}\" data-widget_type=\"breadcrumbs.default\">\n\t\t\t\t<div class=\"elementor-widget-container\">\n\t\t\t\t\t<p id=\"breadcrumbs\"><span><span><a href=\"https:\/\/naszaszkola.com.pl\/psp\/\">Strona g\u0142\u00f3wna<\/a><\/span><\/span><\/p>\t\t\t\t<\/div>\n\t\t\t\t<\/div>\n\t\t\t\t\t<\/div>\n\t\t<\/div>\n\t\t\t\t\t<\/div>\n\t\t<\/section>\n\t\t\t\t<section class=\"elementor-section elementor-top-section elementor-element elementor-element-cf5c355 elementor-section-content-middle elementor-section-boxed elementor-section-height-default elementor-section-height-default\" data-id=\"cf5c355\" data-element_type=\"section\" data-e-type=\"section\">\n\t\t\t\t\t\t<div class=\"elementor-container elementor-column-gap-default\">\n\t\t\t\t\t<div class=\"elementor-column elementor-col-33 elementor-top-column elementor-element elementor-element-3e8eb9d\" data-id=\"3e8eb9d\" data-element_type=\"column\" data-e-type=\"column\">\n\t\t\t<div class=\"elementor-widget-wrap elementor-element-populated\">\n\t\t\t\t\t\t<div class=\"elementor-element elementor-element-6c914f3 elementor-widget elementor-widget-text-editor\" data-id=\"6c914f3\" data-element_type=\"widget\" data-e-type=\"widget\" data-widget_type=\"text-editor.default\">\n\t\t\t\t<div class=\"elementor-widget-container\">\n\t\t\t\t\t\t\t\t\t<p>Edukacja domowa w naszej szkole to elastyczna forma nauczania, kt\u00f3ra pozwala rodzinom dostosowa\u0107 program edukacyjny do indywidualnych potrzeb ucznia. Wspieramy rodzic\u00f3w w tym procesie, oferuj\u0105c materia\u0142y edukacyjne, konsultacje oraz dost\u0119p do wydarze\u0144 szkolnych. Dzi\u0119ki temu dzieci mog\u0105 uczy\u0107 si\u0119 w komfortowym dla siebie \u015brodowisku, jednocze\u015bnie korzystaj\u0105c z zasob\u00f3w i wsparcia naszej spo\u0142eczno\u015bci szkolnej.\u00a0<\/p>\t\t\t\t\t\t\t\t<\/div>\n\t\t\t\t<\/div>\n\t\t\t\t\t<\/div>\n\t\t<\/div>\n\t\t\t\t<div class=\"elementor-column elementor-col-33 elementor-top-column elementor-element elementor-element-b43199c\" data-id=\"b43199c\" data-element_type=\"column\" data-e-type=\"column\">\n\t\t\t<div class=\"elementor-widget-wrap\">\n\t\t\t\t\t\t\t<\/div>\n\t\t<\/div>\n\t\t\t\t<div class=\"elementor-column elementor-col-33 elementor-top-column elementor-element elementor-element-c275563\" data-id=\"c275563\" data-element_type=\"column\" data-e-type=\"column\">\n\t\t\t<div class=\"elementor-widget-wrap elementor-element-populated\">\n\t\t\t\t\t\t<div class=\"elementor-element elementor-element-4009ce6 elementor-widget__width-auto elementor-absolute elementor-invisible elementor-widget elementor-widget-image\" data-id=\"4009ce6\" data-element_type=\"widget\" data-e-type=\"widget\" data-settings=\"{&quot;_position&quot;:&quot;absolute&quot;,&quot;_animation&quot;:&quot;fadeInLeft&quot;}\" data-widget_type=\"image.default\">\n\t\t\t\t<div class=\"elementor-widget-container\">\n\t\t\t\t\t\t\t\t\t\t\t\t\t\t\t<img loading=\"lazy\" decoding=\"async\" width=\"100\" height=\"340\" src=\"https:\/\/naszaszkola.com.pl\/psp\/wp-content\/uploads\/2024\/08\/Rectangle-4.jpg\" class=\"attachment-large size-large wp-image-32\" alt=\"\" srcset=\"https:\/\/naszaszkola.com.pl\/psp\/wp-content\/uploads\/2024\/08\/Rectangle-4.jpg 100w, https:\/\/naszaszkola.com.pl\/psp\/wp-content\/uploads\/2024\/08\/Rectangle-4-88x300.jpg 88w\" sizes=\"auto, (max-width: 100px) 100vw, 100px\" \/>\t\t\t\t\t\t\t\t\t\t\t\t\t\t\t<\/div>\n\t\t\t\t<\/div>\n\t\t\t\t<div class=\"elementor-element elementor-element-2823eb5 elementor-widget__width-auto elementor-absolute elementor-invisible elementor-widget elementor-widget-image\" data-id=\"2823eb5\" data-element_type=\"widget\" data-e-type=\"widget\" data-settings=\"{&quot;_position&quot;:&quot;absolute&quot;,&quot;_animation&quot;:&quot;fadeInRight&quot;}\" data-widget_type=\"image.default\">\n\t\t\t\t<div class=\"elementor-widget-container\">\n\t\t\t\t\t\t\t\t\t\t\t\t\t\t\t<img loading=\"lazy\" decoding=\"async\" width=\"100\" height=\"340\" src=\"https:\/\/naszaszkola.com.pl\/psp\/wp-content\/uploads\/2024\/08\/Rectangle-3.jpg\" class=\"attachment-large size-large wp-image-34\" alt=\"\" srcset=\"https:\/\/naszaszkola.com.pl\/psp\/wp-content\/uploads\/2024\/08\/Rectangle-3.jpg 100w, https:\/\/naszaszkola.com.pl\/psp\/wp-content\/uploads\/2024\/08\/Rectangle-3-88x300.jpg 88w\" sizes=\"auto, (max-width: 100px) 100vw, 100px\" \/>\t\t\t\t\t\t\t\t\t\t\t\t\t\t\t<\/div>\n\t\t\t\t<\/div>\n\t\t\t\t<section class=\"elementor-section elementor-inner-section elementor-element elementor-element-f8496d2 elementor-section-height-min-height elementor-section-boxed elementor-section-height-default elementor-invisible\" data-id=\"f8496d2\" data-element_type=\"section\" data-e-type=\"section\" data-settings=\"{&quot;background_background&quot;:&quot;classic&quot;,&quot;animation&quot;:&quot;fadeIn&quot;}\">\n\t\t\t\t\t\t<div class=\"elementor-container elementor-column-gap-default\">\n\t\t\t\t\t<div class=\"elementor-column elementor-col-100 elementor-inner-column elementor-element elementor-element-cc56923\" data-id=\"cc56923\" data-element_type=\"column\" data-e-type=\"column\">\n\t\t\t<div class=\"elementor-widget-wrap\">\n\t\t\t\t\t\t\t<\/div>\n\t\t<\/div>\n\t\t\t\t\t<\/div>\n\t\t<\/section>\n\t\t\t\t\t<\/div>\n\t\t<\/div>\n\t\t\t\t\t<\/div>\n\t\t<\/section>\n\t\t<div class=\"elementor-element elementor-element-7b317b9 e-flex e-con-boxed e-con e-parent\" data-id=\"7b317b9\" data-element_type=\"container\" data-e-type=\"container\">\n\t\t\t\t\t<div class=\"e-con-inner\">\n\t\t\t\t<div class=\"elementor-element elementor-element-620b68d elementor-widget elementor-widget-text-editor\" data-id=\"620b68d\" data-element_type=\"widget\" data-e-type=\"widget\" data-widget_type=\"text-editor.default\">\n\t\t\t\t<div class=\"elementor-widget-container\">\n\t\t\t\t\t\t\t\t\t<p><b>Elastyczny program nauczania:<\/b> Uczniowie maj\u0105 mo\u017cliwo\u015b\u0107 wyboru przedmiot\u00f3w oraz tematyki, kt\u00f3ra ich interesuje, co pozwala na bardziej osobiste podej\u015bcie do nauki. Rodzice mog\u0105 dostosowa\u0107 tempo i spos\u00f3b nauczania, co sprzyja lepszemu przyswajaniu wiedzy.<\/p><p><b>Materia\u0142y edukacyjne: <\/b>Oferujemy bogaty zestaw materia\u0142\u00f3w, w tym podr\u0119czniki, zestawy \u0107wicze\u0144, a tak\u017ce dost\u0119p do platform e-learningowych, kt\u00f3re wspieraj\u0105 nauk\u0119 w r\u00f3\u017cnych dziedzinach.<\/p><p><b>Wsparcie nauczycieli:<\/b> Rodziny mog\u0105 korzysta\u0107 z konsultacji z naszymi nauczycielami, kt\u00f3rzy ch\u0119tnie dziel\u0105 si\u0119 wiedz\u0105 oraz wskaz\u00f3wkami dotycz\u0105cymi nauczania w domu. Regularne spotkania z nauczycielami umo\u017cliwiaj\u0105 monitorowanie post\u0119p\u00f3w ucznia oraz dostosowywanie programu do jego potrzeb.<\/p><p><b>Dost\u0119p do wydarze\u0144 szkolnych:<\/b> Uczniowie uczestnicz\u0105 w wydarzeniach organizowanych przez szko\u0142\u0119, takich jak wycieczki, konkursy czy wystawy, co pozwala im na integracj\u0119 z r\u00f3wie\u015bnikami i rozwijanie umiej\u0119tno\u015bci spo\u0142ecznych.<\/p><p><b>Rozw\u00f3j umiej\u0119tno\u015bci mi\u0119kkich:<\/b> Edukacja domowa sprzyja rozwijaniu umiej\u0119tno\u015bci samodzielno\u015bci, organizacji czasu oraz odpowiedzialno\u015bci. Uczniowie ucz\u0105 si\u0119, jak planowa\u0107 swoj\u0105 nauk\u0119, co pozytywnie wp\u0142ywa na ich rozw\u00f3j osobisty.<\/p><p><b>Wsp\u00f3\u0142praca z innymi rodzicami:<\/b> Organizujemy spotkania dla rodzic\u00f3w, kt\u00f3re umo\u017cliwiaj\u0105 wymian\u0119 do\u015bwiadcze\u0144 oraz pomys\u0142\u00f3w na efektywne nauczanie w domu. Dzi\u0119ki temu rodziny mog\u0105 wspiera\u0107 si\u0119 nawzajem oraz tworzy\u0107 lokaln\u0105 spo\u0142eczno\u015b\u0107 edukacyjn\u0105.\u00a0<\/p>\t\t\t\t\t\t\t\t<\/div>\n\t\t\t\t<\/div>\n\t\t\t\t\t<\/div>\n\t\t\t\t<\/div>\n\t\t\t\t<\/div>\n\t\t","protected":false},"excerpt":{"rendered":"<p>Edukacja domowa w naszej szkole to elastyczna forma nauczania, kt\u00f3ra pozwala rodzinom dostosowa\u0107 program edukacyjny do indywidualnych potrzeb ucznia. Wspieramy rodzic\u00f3w w tym procesie, oferuj\u0105c materia\u0142y edukacyjne, konsultacje oraz dost\u0119p do wydarze\u0144 szkolnych. Dzi\u0119ki temu dzieci mog\u0105 uczy\u0107 si\u0119 w komfortowym dla siebie \u015brodowisku, jednocze\u015bnie korzystaj\u0105c z zasob\u00f3w i wsparcia naszej spo\u0142eczno\u015bci szkolnej.\u00a0 Elastyczny program [&hellip;]<\/p>\n","protected":false},"author":1,"featured_media":0,"parent":0,"menu_order":0,"comment_status":"closed","ping_status":"closed","template":"","meta":{"_acf_changed":false,"footnotes":""},"class_list":["post-723","page","type-page","status-publish","hentry"],"acf":[],"yoast_head":"<!-- This site is optimized with the Yoast SEO plugin v23.2 - https:\/\/yoast.com\/wordpress\/plugins\/seo\/ -->\n<title>Edukacja domowa - Nasza Szko\u0142a<\/title>\n<meta name=\"robots\" content=\"index, follow, max-snippet:-1, max-image-preview:large, max-video-preview:-1\" \/>\n<link rel=\"canonical\" href=\"https:\/\/naszaszkola.com.pl\/psp\/edukacja-domowa\/\" \/>\n<meta property=\"og:locale\" content=\"pl_PL\" \/>\n<meta property=\"og:type\" content=\"article\" \/>\n<meta property=\"og:title\" content=\"Edukacja domowa - Nasza Szko\u0142a\" \/>\n<meta property=\"og:description\" content=\"Edukacja domowa w naszej szkole to elastyczna forma nauczania, kt\u00f3ra pozwala rodzinom dostosowa\u0107 program edukacyjny do indywidualnych potrzeb ucznia. Wspieramy rodzic\u00f3w w tym procesie, oferuj\u0105c materia\u0142y edukacyjne, konsultacje oraz dost\u0119p do wydarze\u0144 szkolnych. Dzi\u0119ki temu dzieci mog\u0105 uczy\u0107 si\u0119 w komfortowym dla siebie \u015brodowisku, jednocze\u015bnie korzystaj\u0105c z zasob\u00f3w i wsparcia naszej spo\u0142eczno\u015bci szkolnej.\u00a0 Elastyczny program [&hellip;]\" \/>\n<meta property=\"og:url\" content=\"https:\/\/naszaszkola.com.pl\/psp\/edukacja-domowa\/\" \/>\n<meta property=\"og:site_name\" content=\"Nasza Szko\u0142a\" \/>\n<meta property=\"article:modified_time\" content=\"2024-10-01T10:03:12+00:00\" \/>\n<meta property=\"og:image\" content=\"https:\/\/naszaszkola.com.pl\/psp\/wp-content\/uploads\/2024\/08\/Rectangle-4.jpg\" \/>\n<meta name=\"twitter:card\" content=\"summary_large_image\" \/>\n<meta name=\"twitter:label1\" content=\"Szacowany czas czytania\" \/>\n\t<meta name=\"twitter:data1\" content=\"2 minuty\" \/>\n<script type=\"application\/ld+json\" class=\"yoast-schema-graph\">{\"@context\":\"https:\/\/schema.org\",\"@graph\":[{\"@type\":\"WebPage\",\"@id\":\"https:\/\/naszaszkola.com.pl\/psp\/edukacja-domowa\/\",\"url\":\"https:\/\/naszaszkola.com.pl\/psp\/edukacja-domowa\/\",\"name\":\"Edukacja domowa - Nasza Szko\u0142a\",\"isPartOf\":{\"@id\":\"https:\/\/naszaszkola.com.pl\/psp\/#website\"},\"primaryImageOfPage\":{\"@id\":\"https:\/\/naszaszkola.com.pl\/psp\/edukacja-domowa\/#primaryimage\"},\"image\":{\"@id\":\"https:\/\/naszaszkola.com.pl\/psp\/edukacja-domowa\/#primaryimage\"},\"thumbnailUrl\":\"https:\/\/naszaszkola.com.pl\/psp\/wp-content\/uploads\/2024\/08\/Rectangle-4.jpg\",\"datePublished\":\"2024-10-01T09:55:36+00:00\",\"dateModified\":\"2024-10-01T10:03:12+00:00\",\"breadcrumb\":{\"@id\":\"https:\/\/naszaszkola.com.pl\/psp\/edukacja-domowa\/#breadcrumb\"},\"inLanguage\":\"pl-PL\",\"potentialAction\":[{\"@type\":\"ReadAction\",\"target\":[\"https:\/\/naszaszkola.com.pl\/psp\/edukacja-domowa\/\"]}]},{\"@type\":\"ImageObject\",\"inLanguage\":\"pl-PL\",\"@id\":\"https:\/\/naszaszkola.com.pl\/psp\/edukacja-domowa\/#primaryimage\",\"url\":\"https:\/\/naszaszkola.com.pl\/psp\/wp-content\/uploads\/2024\/08\/Rectangle-4.jpg\",\"contentUrl\":\"https:\/\/naszaszkola.com.pl\/psp\/wp-content\/uploads\/2024\/08\/Rectangle-4.jpg\",\"width\":100,\"height\":340},{\"@type\":\"BreadcrumbList\",\"@id\":\"https:\/\/naszaszkola.com.pl\/psp\/edukacja-domowa\/#breadcrumb\",\"itemListElement\":[{\"@type\":\"ListItem\",\"position\":1,\"name\":\"Strona g\u0142\u00f3wna\",\"item\":\"https:\/\/naszaszkola.com.pl\/psp\/\"},{\"@type\":\"ListItem\",\"position\":2,\"name\":\"Edukacja domowa\"}]},{\"@type\":\"WebSite\",\"@id\":\"https:\/\/naszaszkola.com.pl\/psp\/#website\",\"url\":\"https:\/\/naszaszkola.com.pl\/psp\/\",\"name\":\"Nasza Szko\u0142a\",\"description\":\"Nasza Szko\u0142a\",\"potentialAction\":[{\"@type\":\"SearchAction\",\"target\":{\"@type\":\"EntryPoint\",\"urlTemplate\":\"https:\/\/naszaszkola.com.pl\/psp\/?s={search_term_string}\"},\"query-input\":\"required name=search_term_string\"}],\"inLanguage\":\"pl-PL\"}]}<\/script>\n<!-- \/ Yoast SEO plugin. -->","yoast_head_json":{"title":"Edukacja domowa - Nasza Szko\u0142a","robots":{"index":"index","follow":"follow","max-snippet":"max-snippet:-1","max-image-preview":"max-image-preview:large","max-video-preview":"max-video-preview:-1"},"canonical":"https:\/\/naszaszkola.com.pl\/psp\/edukacja-domowa\/","og_locale":"pl_PL","og_type":"article","og_title":"Edukacja domowa - Nasza Szko\u0142a","og_description":"Edukacja domowa w naszej szkole to elastyczna forma nauczania, kt\u00f3ra pozwala rodzinom dostosowa\u0107 program edukacyjny do indywidualnych potrzeb ucznia. Wspieramy rodzic\u00f3w w tym procesie, oferuj\u0105c materia\u0142y edukacyjne, konsultacje oraz dost\u0119p do wydarze\u0144 szkolnych. Dzi\u0119ki temu dzieci mog\u0105 uczy\u0107 si\u0119 w komfortowym dla siebie \u015brodowisku, jednocze\u015bnie korzystaj\u0105c z zasob\u00f3w i wsparcia naszej spo\u0142eczno\u015bci szkolnej.\u00a0 Elastyczny program [&hellip;]","og_url":"https:\/\/naszaszkola.com.pl\/psp\/edukacja-domowa\/","og_site_name":"Nasza Szko\u0142a","article_modified_time":"2024-10-01T10:03:12+00:00","og_image":[{"url":"https:\/\/naszaszkola.com.pl\/psp\/wp-content\/uploads\/2024\/08\/Rectangle-4.jpg"}],"twitter_card":"summary_large_image","twitter_misc":{"Szacowany czas czytania":"2 minuty"},"schema":{"@context":"https:\/\/schema.org","@graph":[{"@type":"WebPage","@id":"https:\/\/naszaszkola.com.pl\/psp\/edukacja-domowa\/","url":"https:\/\/naszaszkola.com.pl\/psp\/edukacja-domowa\/","name":"Edukacja domowa - Nasza Szko\u0142a","isPartOf":{"@id":"https:\/\/naszaszkola.com.pl\/psp\/#website"},"primaryImageOfPage":{"@id":"https:\/\/naszaszkola.com.pl\/psp\/edukacja-domowa\/#primaryimage"},"image":{"@id":"https:\/\/naszaszkola.com.pl\/psp\/edukacja-domowa\/#primaryimage"},"thumbnailUrl":"https:\/\/naszaszkola.com.pl\/psp\/wp-content\/uploads\/2024\/08\/Rectangle-4.jpg","datePublished":"2024-10-01T09:55:36+00:00","dateModified":"2024-10-01T10:03:12+00:00","breadcrumb":{"@id":"https:\/\/naszaszkola.com.pl\/psp\/edukacja-domowa\/#breadcrumb"},"inLanguage":"pl-PL","potentialAction":[{"@type":"ReadAction","target":["https:\/\/naszaszkola.com.pl\/psp\/edukacja-domowa\/"]}]},{"@type":"ImageObject","inLanguage":"pl-PL","@id":"https:\/\/naszaszkola.com.pl\/psp\/edukacja-domowa\/#primaryimage","url":"https:\/\/naszaszkola.com.pl\/psp\/wp-content\/uploads\/2024\/08\/Rectangle-4.jpg","contentUrl":"https:\/\/naszaszkola.com.pl\/psp\/wp-content\/uploads\/2024\/08\/Rectangle-4.jpg","width":100,"height":340},{"@type":"BreadcrumbList","@id":"https:\/\/naszaszkola.com.pl\/psp\/edukacja-domowa\/#breadcrumb","itemListElement":[{"@type":"ListItem","position":1,"name":"Strona g\u0142\u00f3wna","item":"https:\/\/naszaszkola.com.pl\/psp\/"},{"@type":"ListItem","position":2,"name":"Edukacja domowa"}]},{"@type":"WebSite","@id":"https:\/\/naszaszkola.com.pl\/psp\/#website","url":"https:\/\/naszaszkola.com.pl\/psp\/","name":"Nasza Szko\u0142a","description":"Nasza Szko\u0142a","potentialAction":[{"@type":"SearchAction","target":{"@type":"EntryPoint","urlTemplate":"https:\/\/naszaszkola.com.pl\/psp\/?s={search_term_string}"},"query-input":"required name=search_term_string"}],"inLanguage":"pl-PL"}]}},"_links":{"self":[{"href":"https:\/\/naszaszkola.com.pl\/psp\/wp-json\/wp\/v2\/pages\/723","targetHints":{"allow":["GET"]}}],"collection":[{"href":"https:\/\/naszaszkola.com.pl\/psp\/wp-json\/wp\/v2\/pages"}],"about":[{"href":"https:\/\/naszaszkola.com.pl\/psp\/wp-json\/wp\/v2\/types\/page"}],"author":[{"embeddable":true,"href":"https:\/\/naszaszkola.com.pl\/psp\/wp-json\/wp\/v2\/users\/1"}],"replies":[{"embeddable":true,"href":"https:\/\/naszaszkola.com.pl\/psp\/wp-json\/wp\/v2\/comments?post=723"}],"version-history":[{"count":28,"href":"https:\/\/naszaszkola.com.pl\/psp\/wp-json\/wp\/v2\/pages\/723\/revisions"}],"predecessor-version":[{"id":753,"href":"https:\/\/naszaszkola.com.pl\/psp\/wp-json\/wp\/v2\/pages\/723\/revisions\/753"}],"wp:attachment":[{"href":"https:\/\/naszaszkola.com.pl\/psp\/wp-json\/wp\/v2\/media?parent=723"}],"curies":[{"name":"wp","href":"https:\/\/api.w.org\/{rel}","templated":true}]}}